{"id":1121,"date":"2019-05-10T18:29:04","date_gmt":"2019-05-10T16:29:04","guid":{"rendered":"http:\/\/bomberosantarosa.gob.ec\/?page_id=1121"},"modified":"2021-07-28T08:59:21","modified_gmt":"2021-07-28T13:59:21","slug":"rendicion-de-cuentas-2018","status":"publish","type":"page","link":"https:\/\/www.bomberosantarosa.gob.ec\/en\/rendicion-de-cuentas-2018\/","title":{"rendered":"Rendicion de Cuentas 2018"},"content":{"rendered":"<div data-elementor-type=\"wp-post\" data-elementor-id=\"1121\" class=\"elementor elementor-1121\" data-elementor-post-type=\"page\">\n\t\t\t\t\t\t<section class=\"elementor-section elementor-top-section elementor-element elementor-element-fef6aef elementor-section-boxed elementor-section-height-default elementor-section-height-default\" data-id=\"fef6aef\" data-element_type=\"section\" data-e-type=\"section\">\n\t\t\t\t\t\t<div class=\"elementor-container elementor-column-gap-default\">\n\t\t\t\t\t<div class=\"elementor-column elementor-col-100 elementor-top-column elementor-element elementor-element-c4666e2\" data-id=\"c4666e2\" data-element_type=\"column\" data-e-type=\"column\">\n\t\t\t<div class=\"elementor-widget-wrap elementor-element-populated\">\n\t\t\t\t\t\t<div class=\"elementor-element elementor-element-421d2dc elementor-widget elementor-widget-text-editor\" data-id=\"421d2dc\" data-element_type=\"widget\" data-e-type=\"widget\" data-widget_type=\"text-editor.default\">\n\t\t\t\t<div class=\"elementor-widget-container\">\n\t\t\t\t\t\t\t\t\t<p>Se concibe la Rendici\u00f3n de Cuentas como un proceso sistem\u00e1tico, deliberado, interactivo y universal, que involucra a autoridades, funcionarias y funcionarios o sus representantes y representantes legales, seg\u00fan sea el caso, que est\u00e9n obligadas u obligados a informar y someterse a evaluaci\u00f3n de la ciudadan\u00eda por las acciones u omisiones en el ejercicio de su gesti\u00f3n y en la administraci\u00f3n de recursos p\u00fablicos.<\/p>\t\t\t\t\t\t\t\t<\/div>\n\t\t\t\t<\/div>\n\t\t\t\t\t<\/div>\n\t\t<\/div>\n\t\t\t\t\t<\/div>\n\t\t<\/section>\n\t\t\t\t<section class=\"elementor-section elementor-top-section elementor-element elementor-element-8336fec elementor-section-boxed elementor-section-height-default elementor-section-height-default\" data-id=\"8336fec\" data-element_type=\"section\" data-e-type=\"section\">\n\t\t\t\t\t\t<div class=\"elementor-container elementor-column-gap-default\">\n\t\t\t\t\t<div class=\"elementor-column elementor-col-100 elementor-top-column elementor-element elementor-element-5d6e78f\" data-id=\"5d6e78f\" data-element_type=\"column\" data-e-type=\"column\">\n\t\t\t<div class=\"elementor-widget-wrap elementor-element-populated\">\n\t\t\t\t\t\t<div class=\"elementor-element elementor-element-3b67793 elementor-widget elementor-widget-video\" data-id=\"3b67793\" data-element_type=\"widget\" data-e-type=\"widget\" data-settings=\"{&quot;youtube_url&quot;:&quot;https:\\\/\\\/www.youtube.com\\\/watch?v=9fC7nt0naY4&amp;feature=youtu.be&quot;,&quot;autoplay&quot;:&quot;yes&quot;,&quot;video_type&quot;:&quot;youtube&quot;,&quot;controls&quot;:&quot;yes&quot;}\" data-widget_type=\"video.default\">\n\t\t\t\t<div class=\"elementor-widget-container\">\n\t\t\t\t\t\t\t<div class=\"elementor-wrapper elementor-open-inline\">\n\t\t\t<div class=\"elementor-video\"><\/div>\t\t<\/div>\n\t\t\t\t\t\t<\/div>\n\t\t\t\t<\/div>\n\t\t\t\t\t<\/div>\n\t\t<\/div>\n\t\t\t\t\t<\/div>\n\t\t<\/section>\n\t\t\t\t<section class=\"elementor-section elementor-top-section elementor-element elementor-element-7f8e328 elementor-section-boxed elementor-section-height-default elementor-section-height-default\" data-id=\"7f8e328\" data-element_type=\"section\" data-e-type=\"section\">\n\t\t\t\t\t\t<div class=\"elementor-container elementor-column-gap-default\">\n\t\t\t\t\t<div class=\"elementor-column elementor-col-100 elementor-top-column elementor-element elementor-element-8961bed\" data-id=\"8961bed\" data-element_type=\"column\" data-e-type=\"column\">\n\t\t\t<div class=\"elementor-widget-wrap elementor-element-populated\">\n\t\t\t\t\t\t<div class=\"elementor-element elementor-element-8dd454f elementor-widget elementor-widget-toggle\" data-id=\"8dd454f\" data-element_type=\"widget\" data-e-type=\"widget\" data-widget_type=\"toggle.default\">\n\t\t\t\t<div class=\"elementor-widget-container\">\n\t\t\t\t\t\t\t<div class=\"elementor-toggle\">\n\t\t\t\t\t\t\t<div class=\"elementor-toggle-item\">\n\t\t\t\t\t<div id=\"elementor-tab-title-1481\" class=\"elementor-tab-title\" data-tab=\"1\" role=\"button\" aria-controls=\"elementor-tab-content-1481\" aria-expanded=\"false\">\n\t\t\t\t\t\t\t\t\t\t\t\t<span class=\"elementor-toggle-icon elementor-toggle-icon-left\" aria-hidden=\"true\">\n\t\t\t\t\t\t\t\t\t\t\t\t\t\t\t<span class=\"elementor-toggle-icon-closed\"><svg class=\"e-font-icon-svg e-fas-caret-right\" viewbox=\"0 0 192 512\" xmlns=\"http:\/\/www.w3.org\/2000\/svg\"><path d=\"M0 384.662V127.338c0-17.818 21.543-26.741 34.142-14.142l128.662 128.662c7.81 7.81 7.81 20.474 0 28.284L34.142 398.804C21.543 411.404 0 402.48 0 384.662z\"><\/path><\/svg><\/span>\n\t\t\t\t\t\t\t\t<span class=\"elementor-toggle-icon-opened\"><svg class=\"elementor-toggle-icon-opened e-font-icon-svg e-fas-caret-up\" viewbox=\"0 0 320 512\" xmlns=\"http:\/\/www.w3.org\/2000\/svg\"><path d=\"M288.662 352H31.338c-17.818 0-26.741-21.543-14.142-34.142l128.662-128.662c7.81-7.81 20.474-7.81 28.284 0l128.662 128.662c12.6 12.599 3.676 34.142-14.142 34.142z\"><\/path><\/svg><\/span>\n\t\t\t\t\t\t\t\t\t\t\t\t\t<\/span>\n\t\t\t\t\t\t\t\t\t\t\t\t<a class=\"elementor-toggle-title\" tabindex=\"0\">Fase 1<\/a>\n\t\t\t\t\t<\/div>\n\n\t\t\t\t\t<div id=\"elementor-tab-content-1481\" class=\"elementor-tab-content elementor-clearfix\" data-tab=\"1\" role=\"region\" aria-labelledby=\"elementor-tab-title-1481\"><p><a href=\"http:\/\/bomberosantarosa.gob.ec\/wp-content\/uploads\/2019\/05\/1.-MATRIZ-CONSULTA-CIUDADANA.pdf\" target=\"_blank\" rel=\"noopener\">1.- Matriz Consulta Ciudadana<\/a><\/p><p><a href=\"http:\/\/bomberosantarosa.gob.ec\/wp-content\/uploads\/2019\/05\/2.-ACTA-DE-CONFORMACI\u00d3N-DEL-SISTEMA.pdf\" target=\"_blank\" rel=\"noopener\">2. &#8211; Acta de Conformaci\u00f3n del Sistema<\/a><\/p><p><a href=\"http:\/\/bomberosantarosa.gob.ec\/wp-content\/uploads\/2019\/05\/3.-ACTA-DE-LAS-DOS-SUBCOMISIONES.pdf\" target=\"_blank\" rel=\"noopener\">3.- Acta de las dos Subcomisiones<\/a><\/p><\/div>\n\t\t\t\t<\/div>\n\t\t\t\t\t\t\t<div class=\"elementor-toggle-item\">\n\t\t\t\t\t<div id=\"elementor-tab-title-1482\" class=\"elementor-tab-title\" data-tab=\"2\" role=\"button\" aria-controls=\"elementor-tab-content-1482\" aria-expanded=\"false\">\n\t\t\t\t\t\t\t\t\t\t\t\t<span class=\"elementor-toggle-icon elementor-toggle-icon-left\" aria-hidden=\"true\">\n\t\t\t\t\t\t\t\t\t\t\t\t\t\t\t<span class=\"elementor-toggle-icon-closed\"><svg class=\"e-font-icon-svg e-fas-caret-right\" viewbox=\"0 0 192 512\" xmlns=\"http:\/\/www.w3.org\/2000\/svg\"><path d=\"M0 384.662V127.338c0-17.818 21.543-26.741 34.142-14.142l128.662 128.662c7.81 7.81 7.81 20.474 0 28.284L34.142 398.804C21.543 411.404 0 402.48 0 384.662z\"><\/path><\/svg><\/span>\n\t\t\t\t\t\t\t\t<span class=\"elementor-toggle-icon-opened\"><svg class=\"elementor-toggle-icon-opened e-font-icon-svg e-fas-caret-up\" viewbox=\"0 0 320 512\" xmlns=\"http:\/\/www.w3.org\/2000\/svg\"><path d=\"M288.662 352H31.338c-17.818 0-26.741-21.543-14.142-34.142l128.662-128.662c7.81-7.81 20.474-7.81 28.284 0l128.662 128.662c12.6 12.599 3.676 34.142-14.142 34.142z\"><\/path><\/svg><\/span>\n\t\t\t\t\t\t\t\t\t\t\t\t\t<\/span>\n\t\t\t\t\t\t\t\t\t\t\t\t<a class=\"elementor-toggle-title\" tabindex=\"0\">Fase 2<\/a>\n\t\t\t\t\t<\/div>\n\n\t\t\t\t\t<div id=\"elementor-tab-content-1482\" class=\"elementor-tab-content elementor-clearfix\" data-tab=\"2\" role=\"region\" aria-labelledby=\"elementor-tab-title-1482\"><p><a href=\"http:\/\/bomberosantarosa.gob.ec\/wp-content\/uploads\/2019\/05\/1-ACTA-DE-EVALUACION-DE-LA-GESTION-INSTITUCIONAL-R.C.-2018.docx\" target=\"_blank\" rel=\"noopener\">1.- Acta de Evaluaci\u00f3n de la Gesti\u00f3n Institucional 2018<\/a><\/p><p><a href=\"http:\/\/bomberosantarosa.gob.ec\/wp-content\/uploads\/2019\/05\/2.-OFICIO-Y-RESPUESTAS-PREGUNTAS-R.C.-2018.zip\" target=\"_blank\" rel=\"noopener\">2.- Oficios, Respuestas, Preguntas R.C. 2018<\/a><\/p><p><a href=\"http:\/\/bomberosantarosa.gob.ec\/wp-content\/uploads\/2019\/05\/3.-ACTA-DE-APROBACION-DEL-INFORMDE-DE-R.C.-2018-X-ALCALDESA.doc\">3.- Acta de Aprobaci\u00f3n del Informe de R.C. 2018 por Alcaldeza<\/a><\/p><p><a href=\"http:\/\/bomberosantarosa.gob.ec\/wp-content\/uploads\/2019\/05\/4.-OFICIOS-AL-SISTEMA-R.C.-2018.doc\" target=\"_blank\" rel=\"noopener\">4.- Oficios al Sistema R.C. 2018<\/a><\/p><p><a href=\"http:\/\/bomberosantarosa.gob.ec\/wp-content\/uploads\/2019\/05\/RESPUESTAS-EMOVTT-CONSULTA-CIUDADANA-RC.-2018.pptx\" target=\"_blank\" rel=\"noopener\">5.- Respuestas EMOVTT Consulta Ciudadana R.C. 2018<\/a><\/p><\/div>\n\t\t\t\t<\/div>\n\t\t\t\t\t\t\t<div class=\"elementor-toggle-item\">\n\t\t\t\t\t<div id=\"elementor-tab-title-1483\" class=\"elementor-tab-title\" data-tab=\"3\" role=\"button\" aria-controls=\"elementor-tab-content-1483\" aria-expanded=\"false\">\n\t\t\t\t\t\t\t\t\t\t\t\t<span class=\"elementor-toggle-icon elementor-toggle-icon-left\" aria-hidden=\"true\">\n\t\t\t\t\t\t\t\t\t\t\t\t\t\t\t<span class=\"elementor-toggle-icon-closed\"><svg class=\"e-font-icon-svg e-fas-caret-right\" viewbox=\"0 0 192 512\" xmlns=\"http:\/\/www.w3.org\/2000\/svg\"><path d=\"M0 384.662V127.338c0-17.818 21.543-26.741 34.142-14.142l128.662 128.662c7.81 7.81 7.81 20.474 0 28.284L34.142 398.804C21.543 411.404 0 402.48 0 384.662z\"><\/path><\/svg><\/span>\n\t\t\t\t\t\t\t\t<span class=\"elementor-toggle-icon-opened\"><svg class=\"elementor-toggle-icon-opened e-font-icon-svg e-fas-caret-up\" viewbox=\"0 0 320 512\" xmlns=\"http:\/\/www.w3.org\/2000\/svg\"><path d=\"M288.662 352H31.338c-17.818 0-26.741-21.543-14.142-34.142l128.662-128.662c7.81-7.81 20.474-7.81 28.284 0l128.662 128.662c12.6 12.599 3.676 34.142-14.142 34.142z\"><\/path><\/svg><\/span>\n\t\t\t\t\t\t\t\t\t\t\t\t\t<\/span>\n\t\t\t\t\t\t\t\t\t\t\t\t<a class=\"elementor-toggle-title\" tabindex=\"0\">Fase 3<\/a>\n\t\t\t\t\t<\/div>\n\n\t\t\t\t\t<div id=\"elementor-tab-content-1483\" class=\"elementor-tab-content elementor-clearfix\" data-tab=\"3\" role=\"region\" aria-labelledby=\"elementor-tab-title-1483\"><p><a href=\"http:\/\/bomberosantarosa.gob.ec\/wp-content\/uploads\/2019\/05\/1.-DIFUSI\u00d3N-DEL-INFORME-DE-RENDICI\u00d3N-DE-CUENTAS.pdf\" target=\"_blank\" rel=\"noopener\">1.- Difusi\u00f3n de Informe de Rendici\u00f3n de Cuentas<\/a><\/p><p><a href=\"http:\/\/bomberosantarosa.gob.ec\/wp-content\/uploads\/2019\/05\/2.-LISTADO-DE-INVITADOS.pdf\" target=\"_blank\" rel=\"noopener\">2.- Listado de Invitados<\/a><\/p><p><a href=\"http:\/\/bomberosantarosa.gob.ec\/wp-content\/uploads\/2019\/05\/3.-LISTADO-DE-PARTICIPANTES.pdf\" target=\"_blank\" rel=\"noopener\">3.- Listado de Participantes<\/a><\/p><p><a href=\"http:\/\/bomberosantarosa.gob.ec\/wp-content\/uploads\/2019\/05\/4.-DELIBERACI\u00d3N-Y-EVALUACI\u00d3N-DEL-INFORME-DE-RENDICION-DE-CUENTAS-2018.pdf\" target=\"_blank\" rel=\"noopener\">4.- Deliberaci\u00f3n y Evaluaci\u00f3n del Informe de Rendici\u00f3n de Cuentas 2018<\/a><\/p><p><a href=\"http:\/\/bomberosantarosa.gob.ec\/wp-content\/uploads\/2019\/05\/9.-ACTA-DE-SUGERENCIAS.pdf\" target=\"_blank\" rel=\"noopener\">9.- Actas de Sugerencias<\/a><\/p><\/div>\n\t\t\t\t<\/div>\n\t\t\t\t\t\t\t<div class=\"elementor-toggle-item\">\n\t\t\t\t\t<div id=\"elementor-tab-title-1484\" class=\"elementor-tab-title\" data-tab=\"4\" role=\"button\" aria-controls=\"elementor-tab-content-1484\" aria-expanded=\"false\">\n\t\t\t\t\t\t\t\t\t\t\t\t<span class=\"elementor-toggle-icon elementor-toggle-icon-left\" aria-hidden=\"true\">\n\t\t\t\t\t\t\t\t\t\t\t\t\t\t\t<span class=\"elementor-toggle-icon-closed\"><svg class=\"e-font-icon-svg e-fas-caret-right\" viewbox=\"0 0 192 512\" xmlns=\"http:\/\/www.w3.org\/2000\/svg\"><path d=\"M0 384.662V127.338c0-17.818 21.543-26.741 34.142-14.142l128.662 128.662c7.81 7.81 7.81 20.474 0 28.284L34.142 398.804C21.543 411.404 0 402.48 0 384.662z\"><\/path><\/svg><\/span>\n\t\t\t\t\t\t\t\t<span class=\"elementor-toggle-icon-opened\"><svg class=\"elementor-toggle-icon-opened e-font-icon-svg e-fas-caret-up\" viewbox=\"0 0 320 512\" xmlns=\"http:\/\/www.w3.org\/2000\/svg\"><path d=\"M288.662 352H31.338c-17.818 0-26.741-21.543-14.142-34.142l128.662-128.662c7.81-7.81 20.474-7.81 28.284 0l128.662 128.662c12.6 12.599 3.676 34.142-14.142 34.142z\"><\/path><\/svg><\/span>\n\t\t\t\t\t\t\t\t\t\t\t\t\t<\/span>\n\t\t\t\t\t\t\t\t\t\t\t\t<a class=\"elementor-toggle-title\" tabindex=\"0\">Fase 4<\/a>\n\t\t\t\t\t<\/div>\n\n\t\t\t\t\t<div id=\"elementor-tab-content-1484\" class=\"elementor-tab-content elementor-clearfix\" data-tab=\"4\" role=\"region\" aria-labelledby=\"elementor-tab-title-1484\"><p><a href=\"http:\/\/bomberosantarosa.gob.ec\/wp-content\/uploads\/2019\/05\/1.-OFICIO-ENTREGA-DEL-PLAN.pdf\" target=\"_blank\" rel=\"noopener\">1.- Oficio de entrega del Plan<\/a><\/p><p><a href=\"http:\/\/bomberosantarosa.gob.ec\/wp-content\/uploads\/2019\/05\/2.-PLAN-DE-TRABAJO.pdf\" target=\"_blank\" rel=\"noopener\">2.- Plan de Trabajo<\/a><\/p><\/div>\n\t\t\t\t<\/div>\n\t\t\t\t\t\t\t\t<\/div>\n\t\t\t\t\t\t<\/div>\n\t\t\t\t<\/div>\n\t\t\t\t\t<\/div>\n\t\t<\/div>\n\t\t\t\t\t<\/div>\n\t\t<\/section>\n\t\t\t\t<\/div>","protected":false},"excerpt":{"rendered":"<p>Se concibe la Rendici\u00f3n de Cuentas como un proceso sistem\u00e1tico, deliberado, interactivo y universal, que involucra a autoridades, funcionarias y funcionarios o sus representantes y representantes legales, seg\u00fan sea el caso, que est\u00e9n obligadas u obligados a informar y someterse a evaluaci\u00f3n de la ciudadan\u00eda por las acciones u omisiones en el ejercicio de su &#8230; <a title=\"Rendicion de Cuentas 2018\" class=\"read-more\" href=\"https:\/\/www.bomberosantarosa.gob.ec\/en\/rendicion-de-cuentas-2018\/\" aria-label=\"Read more about Rendicion de Cuentas 2018\">Read more<\/a><\/p>","protected":false},"author":1,"featured_media":0,"parent":0,"menu_order":0,"comment_status":"closed","ping_status":"closed","template":"","meta":{"footnotes":""},"class_list":["post-1121","page","type-page","status-publish"],"yoast_head":"<!-- This site is optimized with the Yoast SEO plugin v27.1.1 - https:\/\/yoast.com\/product\/yoast-seo-wordpress\/ -->\n<title>Rendicion de Cuentas 2018 - Cuerpo de Bomberos Municipal del Cant\u00f3n Santa Rosa<\/title>\n<meta name=\"robots\" content=\"index, follow, max-snippet:-1, max-image-preview:large, max-video-preview:-1\" \/>\n<link rel=\"canonical\" href=\"https:\/\/www.bomberosantarosa.gob.ec\/en\/rendicion-de-cuentas-2018\/\" \/>\n<meta property=\"og:locale\" content=\"en_US\" \/>\n<meta property=\"og:type\" content=\"article\" \/>\n<meta property=\"og:title\" content=\"Rendicion de Cuentas 2018 - Cuerpo de Bomberos Municipal del Cant\u00f3n Santa Rosa\" \/>\n<meta property=\"og:description\" content=\"Se concibe la Rendici\u00f3n de Cuentas como un proceso sistem\u00e1tico, deliberado, interactivo y universal, que involucra a autoridades, funcionarias y funcionarios o sus representantes y representantes legales, seg\u00fan sea el caso, que est\u00e9n obligadas u obligados a informar y someterse a evaluaci\u00f3n de la ciudadan\u00eda por las acciones u omisiones en el ejercicio de su ... Read more\" \/>\n<meta property=\"og:url\" content=\"https:\/\/www.bomberosantarosa.gob.ec\/en\/rendicion-de-cuentas-2018\/\" \/>\n<meta property=\"og:site_name\" content=\"Cuerpo de Bomberos Municipal del Cant\u00f3n Santa Rosa\" \/>\n<meta property=\"article:publisher\" content=\"https:\/\/www.facebook.com\/cbgadmsr\/\" \/>\n<meta property=\"article:modified_time\" content=\"2021-07-28T13:59:21+00:00\" \/>\n<meta name=\"twitter:card\" content=\"summary_large_image\" \/>\n<meta name=\"twitter:site\" content=\"@cbsantarosa\" \/>\n<meta name=\"twitter:label1\" content=\"Est. reading time\" \/>\n\t<meta name=\"twitter:data1\" content=\"1 minute\" \/>\n<script type=\"application\/ld+json\" class=\"yoast-schema-graph\">{\"@context\":\"https:\/\/schema.org\",\"@graph\":[{\"@type\":\"WebPage\",\"@id\":\"https:\/\/www.bomberosantarosa.gob.ec\/rendicion-de-cuentas-2018\/\",\"url\":\"https:\/\/www.bomberosantarosa.gob.ec\/rendicion-de-cuentas-2018\/\",\"name\":\"Rendicion de Cuentas 2018 - Cuerpo de Bomberos Municipal del Cant\u00f3n Santa Rosa\",\"isPartOf\":{\"@id\":\"https:\/\/www.bomberosantarosa.gob.ec\/#website\"},\"datePublished\":\"2019-05-10T16:29:04+00:00\",\"dateModified\":\"2021-07-28T13:59:21+00:00\",\"breadcrumb\":{\"@id\":\"https:\/\/www.bomberosantarosa.gob.ec\/rendicion-de-cuentas-2018\/#breadcrumb\"},\"inLanguage\":\"en-US\",\"potentialAction\":[{\"@type\":\"ReadAction\",\"target\":[\"https:\/\/www.bomberosantarosa.gob.ec\/rendicion-de-cuentas-2018\/\"]}]},{\"@type\":\"BreadcrumbList\",\"@id\":\"https:\/\/www.bomberosantarosa.gob.ec\/rendicion-de-cuentas-2018\/#breadcrumb\",\"itemListElement\":[{\"@type\":\"ListItem\",\"position\":1,\"name\":\"Inicio\",\"item\":\"https:\/\/www.bomberosantarosa.gob.ec\/\"},{\"@type\":\"ListItem\",\"position\":2,\"name\":\"Rendicion de Cuentas 2018\"}]},{\"@type\":\"WebSite\",\"@id\":\"https:\/\/www.bomberosantarosa.gob.ec\/#website\",\"url\":\"https:\/\/www.bomberosantarosa.gob.ec\/\",\"name\":\"Cuerpo de Bomberos Municipal del Cant\u00f3n Santa Rosa\",\"description\":\"\",\"publisher\":{\"@id\":\"https:\/\/www.bomberosantarosa.gob.ec\/#organization\"},\"potentialAction\":[{\"@type\":\"SearchAction\",\"target\":{\"@type\":\"EntryPoint\",\"urlTemplate\":\"https:\/\/www.bomberosantarosa.gob.ec\/?s={search_term_string}\"},\"query-input\":{\"@type\":\"PropertyValueSpecification\",\"valueRequired\":true,\"valueName\":\"search_term_string\"}}],\"inLanguage\":\"en-US\"},{\"@type\":\"Organization\",\"@id\":\"https:\/\/www.bomberosantarosa.gob.ec\/#organization\",\"name\":\"Cuerpo de Bomberos Municipal del Cant\u00f3n Santa Rosa\",\"url\":\"https:\/\/www.bomberosantarosa.gob.ec\/\",\"logo\":{\"@type\":\"ImageObject\",\"inLanguage\":\"en-US\",\"@id\":\"https:\/\/www.bomberosantarosa.gob.ec\/#\/schema\/logo\/image\/\",\"url\":\"https:\/\/www.bomberosantarosa.gob.ec\/wp-content\/uploads\/2019\/05\/logo-sta-rosa.png\",\"contentUrl\":\"https:\/\/www.bomberosantarosa.gob.ec\/wp-content\/uploads\/2019\/05\/logo-sta-rosa.png\",\"width\":512,\"height\":512,\"caption\":\"Cuerpo de Bomberos Municipal del Cant\u00f3n Santa Rosa\"},\"image\":{\"@id\":\"https:\/\/www.bomberosantarosa.gob.ec\/#\/schema\/logo\/image\/\"},\"sameAs\":[\"https:\/\/www.facebook.com\/cbgadmsr\/\",\"https:\/\/x.com\/cbsantarosa\"]}]}<\/script>\n<!-- \/ Yoast SEO plugin. -->","yoast_head_json":{"title":"Rendicion de Cuentas 2018 - Cuerpo de Bomberos Municipal del Cant\u00f3n Santa Rosa","robots":{"index":"index","follow":"follow","max-snippet":"max-snippet:-1","max-image-preview":"max-image-preview:large","max-video-preview":"max-video-preview:-1"},"canonical":"https:\/\/www.bomberosantarosa.gob.ec\/en\/rendicion-de-cuentas-2018\/","og_locale":"en_US","og_type":"article","og_title":"Rendicion de Cuentas 2018 - Cuerpo de Bomberos Municipal del Cant\u00f3n Santa Rosa","og_description":"Se concibe la Rendici\u00f3n de Cuentas como un proceso sistem\u00e1tico, deliberado, interactivo y universal, que involucra a autoridades, funcionarias y funcionarios o sus representantes y representantes legales, seg\u00fan sea el caso, que est\u00e9n obligadas u obligados a informar y someterse a evaluaci\u00f3n de la ciudadan\u00eda por las acciones u omisiones en el ejercicio de su ... Read more","og_url":"https:\/\/www.bomberosantarosa.gob.ec\/en\/rendicion-de-cuentas-2018\/","og_site_name":"Cuerpo de Bomberos Municipal del Cant\u00f3n Santa Rosa","article_publisher":"https:\/\/www.facebook.com\/cbgadmsr\/","article_modified_time":"2021-07-28T13:59:21+00:00","twitter_card":"summary_large_image","twitter_site":"@cbsantarosa","twitter_misc":{"Est. reading time":"1 minute"},"schema":{"@context":"https:\/\/schema.org","@graph":[{"@type":"WebPage","@id":"https:\/\/www.bomberosantarosa.gob.ec\/rendicion-de-cuentas-2018\/","url":"https:\/\/www.bomberosantarosa.gob.ec\/rendicion-de-cuentas-2018\/","name":"Rendicion de Cuentas 2018 - Cuerpo de Bomberos Municipal del Cant\u00f3n Santa Rosa","isPartOf":{"@id":"https:\/\/www.bomberosantarosa.gob.ec\/#website"},"datePublished":"2019-05-10T16:29:04+00:00","dateModified":"2021-07-28T13:59:21+00:00","breadcrumb":{"@id":"https:\/\/www.bomberosantarosa.gob.ec\/rendicion-de-cuentas-2018\/#breadcrumb"},"inLanguage":"en-US","potentialAction":[{"@type":"ReadAction","target":["https:\/\/www.bomberosantarosa.gob.ec\/rendicion-de-cuentas-2018\/"]}]},{"@type":"BreadcrumbList","@id":"https:\/\/www.bomberosantarosa.gob.ec\/rendicion-de-cuentas-2018\/#breadcrumb","itemListElement":[{"@type":"ListItem","position":1,"name":"Inicio","item":"https:\/\/www.bomberosantarosa.gob.ec\/"},{"@type":"ListItem","position":2,"name":"Rendicion de Cuentas 2018"}]},{"@type":"WebSite","@id":"https:\/\/www.bomberosantarosa.gob.ec\/#website","url":"https:\/\/www.bomberosantarosa.gob.ec\/","name":"Cuerpo de Bomberos Municipal del Cant\u00f3n Santa Rosa","description":"","publisher":{"@id":"https:\/\/www.bomberosantarosa.gob.ec\/#organization"},"potentialAction":[{"@type":"SearchAction","target":{"@type":"EntryPoint","urlTemplate":"https:\/\/www.bomberosantarosa.gob.ec\/?s={search_term_string}"},"query-input":{"@type":"PropertyValueSpecification","valueRequired":true,"valueName":"search_term_string"}}],"inLanguage":"en-US"},{"@type":"Organization","@id":"https:\/\/www.bomberosantarosa.gob.ec\/#organization","name":"Cuerpo de Bomberos Municipal del Cant\u00f3n Santa Rosa","url":"https:\/\/www.bomberosantarosa.gob.ec\/","logo":{"@type":"ImageObject","inLanguage":"en-US","@id":"https:\/\/www.bomberosantarosa.gob.ec\/#\/schema\/logo\/image\/","url":"https:\/\/www.bomberosantarosa.gob.ec\/wp-content\/uploads\/2019\/05\/logo-sta-rosa.png","contentUrl":"https:\/\/www.bomberosantarosa.gob.ec\/wp-content\/uploads\/2019\/05\/logo-sta-rosa.png","width":512,"height":512,"caption":"Cuerpo de Bomberos Municipal del Cant\u00f3n Santa Rosa"},"image":{"@id":"https:\/\/www.bomberosantarosa.gob.ec\/#\/schema\/logo\/image\/"},"sameAs":["https:\/\/www.facebook.com\/cbgadmsr\/","https:\/\/x.com\/cbsantarosa"]}]}},"_links":{"self":[{"href":"https:\/\/www.bomberosantarosa.gob.ec\/en\/wp-json\/wp\/v2\/pages\/1121","targetHints":{"allow":["GET"]}}],"collection":[{"href":"https:\/\/www.bomberosantarosa.gob.ec\/en\/wp-json\/wp\/v2\/pages"}],"about":[{"href":"https:\/\/www.bomberosantarosa.gob.ec\/en\/wp-json\/wp\/v2\/types\/page"}],"author":[{"embeddable":true,"href":"https:\/\/www.bomberosantarosa.gob.ec\/en\/wp-json\/wp\/v2\/users\/1"}],"replies":[{"embeddable":true,"href":"https:\/\/www.bomberosantarosa.gob.ec\/en\/wp-json\/wp\/v2\/comments?post=1121"}],"version-history":[{"count":0,"href":"https:\/\/www.bomberosantarosa.gob.ec\/en\/wp-json\/wp\/v2\/pages\/1121\/revisions"}],"wp:attachment":[{"href":"https:\/\/www.bomberosantarosa.gob.ec\/en\/wp-json\/wp\/v2\/media?parent=1121"}],"curies":[{"name":"wp","href":"https:\/\/api.w.org\/{rel}","templated":true}]}}