{"id":2749,"date":"2021-01-15T16:57:04","date_gmt":"2021-01-15T21:57:04","guid":{"rendered":"https:\/\/www.bomberosantarosa.gob.ec\/?page_id=2749"},"modified":"2022-01-11T09:44:56","modified_gmt":"2022-01-11T14:44:56","slug":"pac-2021","status":"publish","type":"page","link":"https:\/\/www.bomberosantarosa.gob.ec\/en\/pac-2021\/","title":{"rendered":"PAC 2021"},"content":{"rendered":"<div data-elementor-type=\"wp-page\" data-elementor-id=\"2749\" class=\"elementor elementor-2749\" data-elementor-post-type=\"page\">\n\t\t\t\t\t\t<section class=\"elementor-section elementor-top-section elementor-element elementor-element-5a91107 elementor-section-boxed elementor-section-height-default elementor-section-height-default\" data-id=\"5a91107\" data-element_type=\"section\" data-e-type=\"section\">\n\t\t\t\t\t\t<div class=\"elementor-container elementor-column-gap-default\">\n\t\t\t\t\t<div class=\"elementor-column elementor-col-33 elementor-top-column elementor-element elementor-element-0c81128\" data-id=\"0c81128\" data-element_type=\"column\" data-e-type=\"column\">\n\t\t\t<div class=\"elementor-widget-wrap elementor-element-populated\">\n\t\t\t\t\t\t<div class=\"elementor-element elementor-element-2bf2a6f elementor-cta--layout-image-above elementor-cta--skin-classic elementor-animated-content elementor-bg-transform elementor-bg-transform-zoom-in elementor-widget elementor-widget-call-to-action\" data-id=\"2bf2a6f\" data-element_type=\"widget\" data-e-type=\"widget\" data-widget_type=\"call-to-action.default\">\n\t\t\t\t<div class=\"elementor-widget-container\">\n\t\t\t\t\t\t\t<a class=\"elementor-cta\" href=\"https:\/\/www.bomberosantarosa.gob.ec\/wp-content\/uploads\/2021\/01\/RESOLUCION_APROBACION_PAC2021.pdf\">\n\t\t\t\t\t<div class=\"elementor-cta__bg-wrapper\">\n\t\t\t\t<div class=\"elementor-cta__bg elementor-bg lazyload\" style=\"background-image:inherit;\" role=\"img\" aria-label=\"resolucion\" data-bg-image=\"url(https:\/\/www.bomberosantarosa.gob.ec\/wp-content\/uploads\/2022\/01\/resolucion.jpg)\"><\/div>\n\t\t\t\t<div class=\"elementor-cta__bg-overlay\"><\/div>\n\t\t\t<\/div>\n\t\t\t\t\t\t\t<div class=\"elementor-cta__content\">\n\t\t\t\t\n\t\t\t\t\t\t\t\t\t<h3 class=\"elementor-cta__title elementor-cta__content-item elementor-content-item\">\n\t\t\t\t\t\tRESOLUCI\u00d3N\t\t\t\t\t<\/h3>\n\t\t\t\t\n\t\t\t\t\n\t\t\t\t\t\t\t<\/div>\n\t\t\t\t\t\t<\/a>\n\t\t\t\t\t\t<\/div>\n\t\t\t\t<\/div>\n\t\t\t\t\t<\/div>\n\t\t<\/div>\n\t\t\t\t<div class=\"elementor-column elementor-col-33 elementor-top-column elementor-element elementor-element-fe58cdb\" data-id=\"fe58cdb\" data-element_type=\"column\" data-e-type=\"column\">\n\t\t\t<div class=\"elementor-widget-wrap\">\n\t\t\t\t\t\t\t<\/div>\n\t\t<\/div>\n\t\t\t\t<div class=\"elementor-column elementor-col-33 elementor-top-column elementor-element elementor-element-a1acc0b\" data-id=\"a1acc0b\" data-element_type=\"column\" data-e-type=\"column\">\n\t\t\t<div class=\"elementor-widget-wrap elementor-element-populated\">\n\t\t\t\t\t\t<div class=\"elementor-element elementor-element-e0eb9a8 elementor-cta--layout-image-above elementor-cta--skin-classic elementor-animated-content elementor-bg-transform elementor-bg-transform-zoom-in elementor-widget elementor-widget-call-to-action\" data-id=\"e0eb9a8\" data-element_type=\"widget\" data-e-type=\"widget\" data-widget_type=\"call-to-action.default\">\n\t\t\t\t<div class=\"elementor-widget-container\">\n\t\t\t\t\t\t\t<a class=\"elementor-cta\" href=\"https:\/\/www.bomberosantarosa.gob.ec\/wp-content\/uploads\/2021\/01\/PAC_CBMSR_2021.pdf\">\n\t\t\t\t\t<div class=\"elementor-cta__bg-wrapper\">\n\t\t\t\t<div class=\"elementor-cta__bg elementor-bg lazyload\" style=\"background-image:inherit;\" role=\"img\" aria-label=\"plan_anual\" data-bg-image=\"url(https:\/\/www.bomberosantarosa.gob.ec\/wp-content\/uploads\/2022\/01\/plan_anual.jpg)\"><\/div>\n\t\t\t\t<div class=\"elementor-cta__bg-overlay\"><\/div>\n\t\t\t<\/div>\n\t\t\t\t\t\t\t<div class=\"elementor-cta__content\">\n\t\t\t\t\n\t\t\t\t\t\t\t\t\t<h3 class=\"elementor-cta__title elementor-cta__content-item elementor-content-item\">\n\t\t\t\t\t\tPLAN ANUAL DE CONTRATACI\u00d3N\t\t\t\t\t<\/h3>\n\t\t\t\t\n\t\t\t\t\n\t\t\t\t\t\t\t<\/div>\n\t\t\t\t\t\t<\/a>\n\t\t\t\t\t\t<\/div>\n\t\t\t\t<\/div>\n\t\t\t\t\t<\/div>\n\t\t<\/div>\n\t\t\t\t\t<\/div>\n\t\t<\/section>\n\t\t\t\t<\/div>","protected":false},"excerpt":{"rendered":"<p>RESOLUCI\u00d3N PLAN ANUAL DE CONTRATACI\u00d3N<\/p>","protected":false},"author":3,"featured_media":0,"parent":0,"menu_order":0,"comment_status":"closed","ping_status":"closed","template":"","meta":{"footnotes":""},"class_list":["post-2749","page","type-page","status-publish"],"yoast_head":"<!-- This site is optimized with the Yoast SEO plugin v27.1.1 - https:\/\/yoast.com\/product\/yoast-seo-wordpress\/ -->\n<title>PAC 2021 - Cuerpo de Bomberos Municipal del Cant\u00f3n Santa Rosa<\/title>\n<meta name=\"robots\" content=\"index, follow, max-snippet:-1, max-image-preview:large, max-video-preview:-1\" \/>\n<link rel=\"canonical\" href=\"https:\/\/www.bomberosantarosa.gob.ec\/en\/pac-2021\/\" \/>\n<meta property=\"og:locale\" content=\"en_US\" \/>\n<meta property=\"og:type\" content=\"article\" \/>\n<meta property=\"og:title\" content=\"PAC 2021 - Cuerpo de Bomberos Municipal del Cant\u00f3n Santa Rosa\" \/>\n<meta property=\"og:description\" content=\"RESOLUCI\u00d3N PLAN ANUAL DE CONTRATACI\u00d3N\" \/>\n<meta property=\"og:url\" content=\"https:\/\/www.bomberosantarosa.gob.ec\/en\/pac-2021\/\" \/>\n<meta property=\"og:site_name\" content=\"Cuerpo de Bomberos Municipal del Cant\u00f3n Santa Rosa\" \/>\n<meta property=\"article:publisher\" content=\"https:\/\/www.facebook.com\/cbgadmsr\/\" \/>\n<meta property=\"article:modified_time\" content=\"2022-01-11T14:44:56+00:00\" \/>\n<meta name=\"twitter:card\" content=\"summary_large_image\" \/>\n<meta name=\"twitter:site\" content=\"@cbsantarosa\" \/>\n<meta name=\"twitter:label1\" content=\"Est. reading time\" \/>\n\t<meta name=\"twitter:data1\" content=\"1 minute\" \/>\n<script type=\"application\/ld+json\" class=\"yoast-schema-graph\">{\"@context\":\"https:\/\/schema.org\",\"@graph\":[{\"@type\":\"WebPage\",\"@id\":\"https:\/\/www.bomberosantarosa.gob.ec\/pac-2021\/\",\"url\":\"https:\/\/www.bomberosantarosa.gob.ec\/pac-2021\/\",\"name\":\"PAC 2021 - Cuerpo de Bomberos Municipal del Cant\u00f3n Santa Rosa\",\"isPartOf\":{\"@id\":\"https:\/\/www.bomberosantarosa.gob.ec\/#website\"},\"datePublished\":\"2021-01-15T21:57:04+00:00\",\"dateModified\":\"2022-01-11T14:44:56+00:00\",\"breadcrumb\":{\"@id\":\"https:\/\/www.bomberosantarosa.gob.ec\/pac-2021\/#breadcrumb\"},\"inLanguage\":\"en-US\",\"potentialAction\":[{\"@type\":\"ReadAction\",\"target\":[\"https:\/\/www.bomberosantarosa.gob.ec\/pac-2021\/\"]}]},{\"@type\":\"BreadcrumbList\",\"@id\":\"https:\/\/www.bomberosantarosa.gob.ec\/pac-2021\/#breadcrumb\",\"itemListElement\":[{\"@type\":\"ListItem\",\"position\":1,\"name\":\"Inicio\",\"item\":\"https:\/\/www.bomberosantarosa.gob.ec\/\"},{\"@type\":\"ListItem\",\"position\":2,\"name\":\"PAC 2021\"}]},{\"@type\":\"WebSite\",\"@id\":\"https:\/\/www.bomberosantarosa.gob.ec\/#website\",\"url\":\"https:\/\/www.bomberosantarosa.gob.ec\/\",\"name\":\"Cuerpo de Bomberos Municipal del Cant\u00f3n Santa Rosa\",\"description\":\"\",\"publisher\":{\"@id\":\"https:\/\/www.bomberosantarosa.gob.ec\/#organization\"},\"potentialAction\":[{\"@type\":\"SearchAction\",\"target\":{\"@type\":\"EntryPoint\",\"urlTemplate\":\"https:\/\/www.bomberosantarosa.gob.ec\/?s={search_term_string}\"},\"query-input\":{\"@type\":\"PropertyValueSpecification\",\"valueRequired\":true,\"valueName\":\"search_term_string\"}}],\"inLanguage\":\"en-US\"},{\"@type\":\"Organization\",\"@id\":\"https:\/\/www.bomberosantarosa.gob.ec\/#organization\",\"name\":\"Cuerpo de Bomberos Municipal del Cant\u00f3n Santa Rosa\",\"url\":\"https:\/\/www.bomberosantarosa.gob.ec\/\",\"logo\":{\"@type\":\"ImageObject\",\"inLanguage\":\"en-US\",\"@id\":\"https:\/\/www.bomberosantarosa.gob.ec\/#\/schema\/logo\/image\/\",\"url\":\"https:\/\/www.bomberosantarosa.gob.ec\/wp-content\/uploads\/2019\/05\/logo-sta-rosa.png\",\"contentUrl\":\"https:\/\/www.bomberosantarosa.gob.ec\/wp-content\/uploads\/2019\/05\/logo-sta-rosa.png\",\"width\":512,\"height\":512,\"caption\":\"Cuerpo de Bomberos Municipal del Cant\u00f3n Santa Rosa\"},\"image\":{\"@id\":\"https:\/\/www.bomberosantarosa.gob.ec\/#\/schema\/logo\/image\/\"},\"sameAs\":[\"https:\/\/www.facebook.com\/cbgadmsr\/\",\"https:\/\/x.com\/cbsantarosa\"]}]}<\/script>\n<!-- \/ Yoast SEO plugin. -->","yoast_head_json":{"title":"PAC 2021 - Cuerpo de Bomberos Municipal del Cant\u00f3n Santa Rosa","robots":{"index":"index","follow":"follow","max-snippet":"max-snippet:-1","max-image-preview":"max-image-preview:large","max-video-preview":"max-video-preview:-1"},"canonical":"https:\/\/www.bomberosantarosa.gob.ec\/en\/pac-2021\/","og_locale":"en_US","og_type":"article","og_title":"PAC 2021 - Cuerpo de Bomberos Municipal del Cant\u00f3n Santa Rosa","og_description":"RESOLUCI\u00d3N PLAN ANUAL DE CONTRATACI\u00d3N","og_url":"https:\/\/www.bomberosantarosa.gob.ec\/en\/pac-2021\/","og_site_name":"Cuerpo de Bomberos Municipal del Cant\u00f3n Santa Rosa","article_publisher":"https:\/\/www.facebook.com\/cbgadmsr\/","article_modified_time":"2022-01-11T14:44:56+00:00","twitter_card":"summary_large_image","twitter_site":"@cbsantarosa","twitter_misc":{"Est. reading time":"1 minute"},"schema":{"@context":"https:\/\/schema.org","@graph":[{"@type":"WebPage","@id":"https:\/\/www.bomberosantarosa.gob.ec\/pac-2021\/","url":"https:\/\/www.bomberosantarosa.gob.ec\/pac-2021\/","name":"PAC 2021 - Cuerpo de Bomberos Municipal del Cant\u00f3n Santa Rosa","isPartOf":{"@id":"https:\/\/www.bomberosantarosa.gob.ec\/#website"},"datePublished":"2021-01-15T21:57:04+00:00","dateModified":"2022-01-11T14:44:56+00:00","breadcrumb":{"@id":"https:\/\/www.bomberosantarosa.gob.ec\/pac-2021\/#breadcrumb"},"inLanguage":"en-US","potentialAction":[{"@type":"ReadAction","target":["https:\/\/www.bomberosantarosa.gob.ec\/pac-2021\/"]}]},{"@type":"BreadcrumbList","@id":"https:\/\/www.bomberosantarosa.gob.ec\/pac-2021\/#breadcrumb","itemListElement":[{"@type":"ListItem","position":1,"name":"Inicio","item":"https:\/\/www.bomberosantarosa.gob.ec\/"},{"@type":"ListItem","position":2,"name":"PAC 2021"}]},{"@type":"WebSite","@id":"https:\/\/www.bomberosantarosa.gob.ec\/#website","url":"https:\/\/www.bomberosantarosa.gob.ec\/","name":"Cuerpo de Bomberos Municipal del Cant\u00f3n Santa Rosa","description":"","publisher":{"@id":"https:\/\/www.bomberosantarosa.gob.ec\/#organization"},"potentialAction":[{"@type":"SearchAction","target":{"@type":"EntryPoint","urlTemplate":"https:\/\/www.bomberosantarosa.gob.ec\/?s={search_term_string}"},"query-input":{"@type":"PropertyValueSpecification","valueRequired":true,"valueName":"search_term_string"}}],"inLanguage":"en-US"},{"@type":"Organization","@id":"https:\/\/www.bomberosantarosa.gob.ec\/#organization","name":"Cuerpo de Bomberos Municipal del Cant\u00f3n Santa Rosa","url":"https:\/\/www.bomberosantarosa.gob.ec\/","logo":{"@type":"ImageObject","inLanguage":"en-US","@id":"https:\/\/www.bomberosantarosa.gob.ec\/#\/schema\/logo\/image\/","url":"https:\/\/www.bomberosantarosa.gob.ec\/wp-content\/uploads\/2019\/05\/logo-sta-rosa.png","contentUrl":"https:\/\/www.bomberosantarosa.gob.ec\/wp-content\/uploads\/2019\/05\/logo-sta-rosa.png","width":512,"height":512,"caption":"Cuerpo de Bomberos Municipal del Cant\u00f3n Santa Rosa"},"image":{"@id":"https:\/\/www.bomberosantarosa.gob.ec\/#\/schema\/logo\/image\/"},"sameAs":["https:\/\/www.facebook.com\/cbgadmsr\/","https:\/\/x.com\/cbsantarosa"]}]}},"_links":{"self":[{"href":"https:\/\/www.bomberosantarosa.gob.ec\/en\/wp-json\/wp\/v2\/pages\/2749","targetHints":{"allow":["GET"]}}],"collection":[{"href":"https:\/\/www.bomberosantarosa.gob.ec\/en\/wp-json\/wp\/v2\/pages"}],"about":[{"href":"https:\/\/www.bomberosantarosa.gob.ec\/en\/wp-json\/wp\/v2\/types\/page"}],"author":[{"embeddable":true,"href":"https:\/\/www.bomberosantarosa.gob.ec\/en\/wp-json\/wp\/v2\/users\/3"}],"replies":[{"embeddable":true,"href":"https:\/\/www.bomberosantarosa.gob.ec\/en\/wp-json\/wp\/v2\/comments?post=2749"}],"version-history":[{"count":0,"href":"https:\/\/www.bomberosantarosa.gob.ec\/en\/wp-json\/wp\/v2\/pages\/2749\/revisions"}],"wp:attachment":[{"href":"https:\/\/www.bomberosantarosa.gob.ec\/en\/wp-json\/wp\/v2\/media?parent=2749"}],"curies":[{"name":"wp","href":"https:\/\/api.w.org\/{rel}","templated":true}]}}