{"id":3120,"date":"2021-07-15T10:34:48","date_gmt":"2021-07-15T15:34:48","guid":{"rendered":"https:\/\/www.bomberosantarosa.gob.ec\/?page_id=3120"},"modified":"2024-03-31T17:40:52","modified_gmt":"2024-03-31T22:40:52","slug":"procesos-infimas-cuantias","status":"publish","type":"page","link":"https:\/\/www.bomberosantarosa.gob.ec\/en\/procesos-infimas-cuantias\/","title":{"rendered":"Procesos \u00cdnfimas Cuant\u00edas."},"content":{"rendered":"<div data-elementor-type=\"wp-page\" data-elementor-id=\"3120\" class=\"elementor elementor-3120\" data-elementor-post-type=\"page\">\n\t\t\t\t<div class=\"elementor-element elementor-element-fd4294f e-flex e-con-boxed e-con e-parent\" data-id=\"fd4294f\" data-element_type=\"container\" data-e-type=\"container\">\n\t\t\t\t\t<div class=\"e-con-inner\">\n\t\t\t\t<div class=\"elementor-element elementor-element-12c9bb7 elementor-widget elementor-widget-n-accordion\" data-id=\"12c9bb7\" data-element_type=\"widget\" data-e-type=\"widget\" data-settings=\"{&quot;default_state&quot;:&quot;expanded&quot;,&quot;max_items_expended&quot;:&quot;one&quot;,&quot;n_accordion_animation_duration&quot;:{&quot;unit&quot;:&quot;ms&quot;,&quot;size&quot;:400,&quot;sizes&quot;:[]}}\" data-widget_type=\"nested-accordion.default\">\n\t\t\t\t<div class=\"elementor-widget-container\">\n\t\t\t\t\t\t\t<div class=\"e-n-accordion\" aria-label=\"Accordion. Open links with Enter or Space, close with Escape, and navigate with Arrow Keys\">\n\t\t\t\t\t\t<details id=\"e-n-accordion-item-1970\" class=\"e-n-accordion-item\" open>\n\t\t\t\t<summary class=\"e-n-accordion-item-title\" data-accordion-index=\"1\" tabindex=\"0\" aria-expanded=\"true\" aria-controls=\"e-n-accordion-item-1970\" >\n\t\t\t\t\t<span class='e-n-accordion-item-title-header'><div class=\"e-n-accordion-item-title-text\"> 2021 <\/div><\/span>\n\t\t\t\t\t\t\t<span class='e-n-accordion-item-title-icon'>\n\t\t\t<span class='e-opened' ><svg aria-hidden=\"true\" class=\"e-font-icon-svg e-fas-angle-double-up\" viewbox=\"0 0 320 512\" xmlns=\"http:\/\/www.w3.org\/2000\/svg\"><path d=\"M177 255.7l136 136c9.4 9.4 9.4 24.6 0 33.9l-22.6 22.6c-9.4 9.4-24.6 9.4-33.9 0L160 351.9l-96.4 96.4c-9.4 9.4-24.6 9.4-33.9 0L7 425.7c-9.4-9.4-9.4-24.6 0-33.9l136-136c9.4-9.5 24.6-9.5 34-.1zm-34-192L7 199.7c-9.4 9.4-9.4 24.6 0 33.9l22.6 22.6c9.4 9.4 24.6 9.4 33.9 0l96.4-96.4 96.4 96.4c9.4 9.4 24.6 9.4 33.9 0l22.6-22.6c9.4-9.4 9.4-24.6 0-33.9l-136-136c-9.2-9.4-24.4-9.4-33.8 0z\"><\/path><\/svg><\/span>\n\t\t\t<span class='e-closed'><svg aria-hidden=\"true\" class=\"e-font-icon-svg e-fas-angle-double-down\" viewbox=\"0 0 320 512\" xmlns=\"http:\/\/www.w3.org\/2000\/svg\"><path d=\"M143 256.3L7 120.3c-9.4-9.4-9.4-24.6 0-33.9l22.6-22.6c9.4-9.4 24.6-9.4 33.9 0l96.4 96.4 96.4-96.4c9.4-9.4 24.6-9.4 33.9 0L313 86.3c9.4 9.4 9.4 24.6 0 33.9l-136 136c-9.4 9.5-24.6 9.5-34 .1zm34 192l136-136c9.4-9.4 9.4-24.6 0-33.9l-22.6-22.6c-9.4-9.4-24.6-9.4-33.9 0L160 352.1l-96.4-96.4c-9.4-9.4-24.6-9.4-33.9 0L7 278.3c-9.4 9.4-9.4 24.6 0 33.9l136 136c9.4 9.5 24.6 9.5 34 .1z\"><\/path><\/svg><\/span>\n\t\t<\/span>\n\n\t\t\t\t\t\t<\/summary>\n\t\t\t\t<div role=\"region\" aria-labelledby=\"e-n-accordion-item-1970\" class=\"elementor-element elementor-element-0de80f4 e-con-full e-flex e-con e-child\" data-id=\"0de80f4\" data-element_type=\"container\" data-e-type=\"container\">\n\t\t\t\t<div class=\"elementor-element elementor-element-9607f81 elementor-widget elementor-widget-n-accordion\" data-id=\"9607f81\" data-element_type=\"widget\" data-e-type=\"widget\" data-settings=\"{&quot;default_state&quot;:&quot;expanded&quot;,&quot;max_items_expended&quot;:&quot;one&quot;,&quot;n_accordion_animation_duration&quot;:{&quot;unit&quot;:&quot;ms&quot;,&quot;size&quot;:400,&quot;sizes&quot;:[]}}\" data-widget_type=\"nested-accordion.default\">\n\t\t\t\t<div class=\"elementor-widget-container\">\n\t\t\t\t\t\t\t<div class=\"e-n-accordion\" aria-label=\"Accordion. Open links with Enter or Space, close with Escape, and navigate with Arrow Keys\">\n\t\t\t\t\t\t<details id=\"e-n-accordion-item-1570\" class=\"e-n-accordion-item\" open>\n\t\t\t\t<summary class=\"e-n-accordion-item-title\" data-accordion-index=\"1\" tabindex=\"0\" aria-expanded=\"true\" aria-controls=\"e-n-accordion-item-1570\" >\n\t\t\t\t\t<span class='e-n-accordion-item-title-header'><div class=\"e-n-accordion-item-title-text\"> Julio <\/div><\/span>\n\t\t\t\t\t\t\t\t\t<\/summary>\n\t\t\t\t<div role=\"region region\" aria-labelledby=\"e-n-accordion-item-1970 e-n-accordion-item-1570\" class=\"elementor-element elementor-element-facecc6 e-con-full e-flex e-con e-child\" data-id=\"facecc6\" data-element_type=\"container\" data-e-type=\"container\">\n\t\t\t\t<div class=\"elementor-element elementor-element-094ad70 elementor-icon-list--layout-traditional elementor-list-item-link-full_width elementor-widget elementor-widget-icon-list\" data-id=\"094ad70\" data-element_type=\"widget\" data-e-type=\"widget\" data-widget_type=\"icon-list.default\">\n\t\t\t\t<div class=\"elementor-widget-container\">\n\t\t\t\t\t\t\t<ul class=\"elementor-icon-list-items\">\n\t\t\t\t\t\t\t<li class=\"elementor-icon-list-item\">\n\t\t\t\t\t\t\t\t\t\t\t<a href=\"https:\/\/www.bomberosantarosa.gob.ec\/wp-content\/uploads\/2021\/07\/MEMO-074-2021-COTIZACION-MOTOSIERRA-signed.pdf\">\n\n\t\t\t\t\t\t\t\t\t\t\t\t<span class=\"elementor-icon-list-icon\">\n\t\t\t\t\t\t\t<svg aria-hidden=\"true\" class=\"e-font-icon-svg e-fas-circle\" viewbox=\"0 0 512 512\" xmlns=\"http:\/\/www.w3.org\/2000\/svg\"><path d=\"M256 8C119 8 8 119 8 256s111 248 248 248 248-111 248-248S393 8 256 8z\"><\/path><\/svg>\t\t\t\t\t\t<\/span>\n\t\t\t\t\t\t\t\t\t\t<span class=\"elementor-icon-list-text\">Cotizaci\u00f3n para reposici\u00f3n de motosierra<\/span>\n\t\t\t\t\t\t\t\t\t\t\t<\/a>\n\t\t\t\t\t\t\t\t\t<\/li>\n\t\t\t\t\t\t\t\t<li class=\"elementor-icon-list-item\">\n\t\t\t\t\t\t\t\t\t\t\t<a href=\"https:\/\/www.bomberosantarosa.gob.ec\/wp-content\/uploads\/2021\/07\/MEMO-077-2021_COTIZACION_PORTA_ESTANDARTE-signed-signed.pdf\">\n\n\t\t\t\t\t\t\t\t\t\t\t\t<span class=\"elementor-icon-list-icon\">\n\t\t\t\t\t\t\t<svg aria-hidden=\"true\" class=\"e-font-icon-svg e-fas-circle\" viewbox=\"0 0 512 512\" xmlns=\"http:\/\/www.w3.org\/2000\/svg\"><path d=\"M256 8C119 8 8 119 8 256s111 248 248 248 248-111 248-248S393 8 256 8z\"><\/path><\/svg>\t\t\t\t\t\t<\/span>\n\t\t\t\t\t\t\t\t\t\t<span class=\"elementor-icon-list-text\">Solicitud cotizaci\u00f3n Porta Estandarte<\/span>\n\t\t\t\t\t\t\t\t\t\t\t<\/a>\n\t\t\t\t\t\t\t\t\t<\/li>\n\t\t\t\t\t\t\t\t<li class=\"elementor-icon-list-item\">\n\t\t\t\t\t\t\t\t\t\t\t<a href=\"https:\/\/www.bomberosantarosa.gob.ec\/wp-content\/uploads\/2021\/07\/Accidentes_Ofidicos-signed.pdf\">\n\n\t\t\t\t\t\t\t\t\t\t\t\t<span class=\"elementor-icon-list-icon\">\n\t\t\t\t\t\t\t<svg aria-hidden=\"true\" class=\"e-font-icon-svg e-fas-circle\" viewbox=\"0 0 512 512\" xmlns=\"http:\/\/www.w3.org\/2000\/svg\"><path d=\"M256 8C119 8 8 119 8 256s111 248 248 248 248-111 248-248S393 8 256 8z\"><\/path><\/svg>\t\t\t\t\t\t<\/span>\n\t\t\t\t\t\t\t\t\t\t<span class=\"elementor-icon-list-text\">Curso de Accidentes Of\u00eddicos<\/span>\n\t\t\t\t\t\t\t\t\t\t\t<\/a>\n\t\t\t\t\t\t\t\t\t<\/li>\n\t\t\t\t\t\t<\/ul>\n\t\t\t\t\t\t<\/div>\n\t\t\t\t<\/div>\n\t\t\t\t<\/div>\n\t\t\t\t\t<\/details>\n\t\t\t\t\t\t<details id=\"e-n-accordion-item-1571\" class=\"e-n-accordion-item\" >\n\t\t\t\t<summary class=\"e-n-accordion-item-title\" data-accordion-index=\"2\" tabindex=\"-1\" aria-expanded=\"false\" aria-controls=\"e-n-accordion-item-1571\" >\n\t\t\t\t\t<span class='e-n-accordion-item-title-header'><div class=\"e-n-accordion-item-title-text\"> Agosto <\/div><\/span>\n\t\t\t\t\t\t\t\t\t<\/summary>\n\t\t\t\t<div role=\"region region\" aria-labelledby=\"e-n-accordion-item-1970 e-n-accordion-item-1571\" class=\"elementor-element elementor-element-72a3803 e-con-full e-flex e-con e-child\" data-id=\"72a3803\" data-element_type=\"container\" data-e-type=\"container\">\n\t\t\t\t<div class=\"elementor-element elementor-element-67622e7 elementor-icon-list--layout-traditional elementor-list-item-link-full_width elementor-widget elementor-widget-icon-list\" data-id=\"67622e7\" data-element_type=\"widget\" data-e-type=\"widget\" data-widget_type=\"icon-list.default\">\n\t\t\t\t<div class=\"elementor-widget-container\">\n\t\t\t\t\t\t\t<ul class=\"elementor-icon-list-items\">\n\t\t\t\t\t\t\t<li class=\"elementor-icon-list-item\">\n\t\t\t\t\t\t\t\t\t\t\t<a href=\"https:\/\/www.bomberosantarosa.gob.ec\/wp-content\/uploads\/2021\/08\/MEMORANDO_N181-signed.pdf\">\n\n\t\t\t\t\t\t\t\t\t\t\t\t<span class=\"elementor-icon-list-icon\">\n\t\t\t\t\t\t\t<svg aria-hidden=\"true\" class=\"e-font-icon-svg e-fas-circle\" viewbox=\"0 0 512 512\" xmlns=\"http:\/\/www.w3.org\/2000\/svg\"><path d=\"M256 8C119 8 8 119 8 256s111 248 248 248 248-111 248-248S393 8 256 8z\"><\/path><\/svg>\t\t\t\t\t\t<\/span>\n\t\t\t\t\t\t\t\t\t\t<span class=\"elementor-icon-list-text\">Curso Programa de Contrataci\u00f3n P\u00fablica<\/span>\n\t\t\t\t\t\t\t\t\t\t\t<\/a>\n\t\t\t\t\t\t\t\t\t<\/li>\n\t\t\t\t\t\t<\/ul>\n\t\t\t\t\t\t<\/div>\n\t\t\t\t<\/div>\n\t\t\t\t<\/div>\n\t\t\t\t\t<\/details>\n\t\t\t\t\t<\/div>\n\t\t\t\t\t\t<\/div>\n\t\t\t\t<\/div>\n\t\t\t\t<\/div>\n\t\t\t\t\t<\/details>\n\t\t\t\t\t<\/div>\n\t\t\t\t\t\t<\/div>\n\t\t\t\t<\/div>\n\t\t\t\t\t<\/div>\n\t\t\t\t<\/div>\n\t\t\t\t<\/div>","protected":false},"excerpt":{"rendered":"<p>2021 Julio Cotizaci\u00f3n para reposici\u00f3n de motosierra Solicitud cotizaci\u00f3n Porta Estandarte Curso de Accidentes Of\u00eddicos Agosto Curso Programa de Contrataci\u00f3n P\u00fablica Julio Cotizaci\u00f3n para reposici\u00f3n de motosierra Solicitud cotizaci\u00f3n Porta Estandarte Curso de Accidentes Of\u00eddicos Agosto Curso Programa de Contrataci\u00f3n P\u00fablica Cotizaci\u00f3n para reposici\u00f3n de motosierra Solicitud cotizaci\u00f3n Porta Estandarte Curso de Accidentes Of\u00eddicos Curso &#8230; <a title=\"Procesos \u00cdnfimas Cuant\u00edas.\" class=\"read-more\" href=\"https:\/\/www.bomberosantarosa.gob.ec\/en\/procesos-infimas-cuantias\/\" aria-label=\"Read more about Procesos \u00cdnfimas Cuant\u00edas.\">Read more<\/a><\/p>","protected":false},"author":3,"featured_media":0,"parent":0,"menu_order":0,"comment_status":"closed","ping_status":"closed","template":"","meta":{"footnotes":""},"class_list":["post-3120","page","type-page","status-publish"],"yoast_head":"<!-- This site is optimized with the Yoast SEO plugin v27.5 - https:\/\/yoast.com\/product\/yoast-seo-wordpress\/ -->\n<title>Procesos \u00cdnfimas Cuant\u00edas. - Cuerpo de Bomberos Municipal del Cant\u00f3n Santa Rosa<\/title>\n<meta name=\"robots\" content=\"index, follow, max-snippet:-1, max-image-preview:large, max-video-preview:-1\" \/>\n<link rel=\"canonical\" href=\"https:\/\/www.bomberosantarosa.gob.ec\/en\/procesos-infimas-cuantias\/\" \/>\n<meta property=\"og:locale\" content=\"en_US\" \/>\n<meta property=\"og:type\" content=\"article\" \/>\n<meta property=\"og:title\" content=\"Procesos \u00cdnfimas Cuant\u00edas. - Cuerpo de Bomberos Municipal del Cant\u00f3n Santa Rosa\" \/>\n<meta property=\"og:description\" content=\"2021 Julio Cotizaci\u00f3n para reposici\u00f3n de motosierra Solicitud cotizaci\u00f3n Porta Estandarte Curso de Accidentes Of\u00eddicos Agosto Curso Programa de Contrataci\u00f3n P\u00fablica Julio Cotizaci\u00f3n para reposici\u00f3n de motosierra Solicitud cotizaci\u00f3n Porta Estandarte Curso de Accidentes Of\u00eddicos Agosto Curso Programa de Contrataci\u00f3n P\u00fablica Cotizaci\u00f3n para reposici\u00f3n de motosierra Solicitud cotizaci\u00f3n Porta Estandarte Curso de Accidentes Of\u00eddicos Curso ... Read more\" \/>\n<meta property=\"og:url\" content=\"https:\/\/www.bomberosantarosa.gob.ec\/en\/procesos-infimas-cuantias\/\" \/>\n<meta property=\"og:site_name\" content=\"Cuerpo de Bomberos Municipal del Cant\u00f3n Santa Rosa\" \/>\n<meta property=\"article:publisher\" content=\"https:\/\/www.facebook.com\/cbgadmsr\/\" \/>\n<meta property=\"article:modified_time\" content=\"2024-03-31T22:40:52+00:00\" \/>\n<meta name=\"twitter:card\" content=\"summary_large_image\" \/>\n<meta name=\"twitter:site\" content=\"@cbsantarosa\" \/>\n<meta name=\"twitter:label1\" content=\"Est. reading time\" \/>\n\t<meta name=\"twitter:data1\" content=\"1 minute\" \/>\n<script type=\"application\/ld+json\" class=\"yoast-schema-graph\">{\"@context\":\"https:\\\/\\\/schema.org\",\"@graph\":[{\"@type\":\"WebPage\",\"@id\":\"https:\\\/\\\/www.bomberosantarosa.gob.ec\\\/procesos-infimas-cuantias\\\/\",\"url\":\"https:\\\/\\\/www.bomberosantarosa.gob.ec\\\/procesos-infimas-cuantias\\\/\",\"name\":\"Procesos \u00cdnfimas Cuant\u00edas. - Cuerpo de Bomberos Municipal del Cant\u00f3n Santa Rosa\",\"isPartOf\":{\"@id\":\"https:\\\/\\\/www.bomberosantarosa.gob.ec\\\/#website\"},\"datePublished\":\"2021-07-15T15:34:48+00:00\",\"dateModified\":\"2024-03-31T22:40:52+00:00\",\"breadcrumb\":{\"@id\":\"https:\\\/\\\/www.bomberosantarosa.gob.ec\\\/procesos-infimas-cuantias\\\/#breadcrumb\"},\"inLanguage\":\"en-US\",\"potentialAction\":[{\"@type\":\"ReadAction\",\"target\":[\"https:\\\/\\\/www.bomberosantarosa.gob.ec\\\/procesos-infimas-cuantias\\\/\"]}]},{\"@type\":\"BreadcrumbList\",\"@id\":\"https:\\\/\\\/www.bomberosantarosa.gob.ec\\\/procesos-infimas-cuantias\\\/#breadcrumb\",\"itemListElement\":[{\"@type\":\"ListItem\",\"position\":1,\"name\":\"Inicio\",\"item\":\"https:\\\/\\\/www.bomberosantarosa.gob.ec\\\/\"},{\"@type\":\"ListItem\",\"position\":2,\"name\":\"Procesos \u00cdnfimas Cuant\u00edas.\"}]},{\"@type\":\"WebSite\",\"@id\":\"https:\\\/\\\/www.bomberosantarosa.gob.ec\\\/#website\",\"url\":\"https:\\\/\\\/www.bomberosantarosa.gob.ec\\\/\",\"name\":\"Cuerpo de Bomberos Municipal del Cant\u00f3n Santa Rosa\",\"description\":\"\",\"publisher\":{\"@id\":\"https:\\\/\\\/www.bomberosantarosa.gob.ec\\\/#organization\"},\"potentialAction\":[{\"@type\":\"SearchAction\",\"target\":{\"@type\":\"EntryPoint\",\"urlTemplate\":\"https:\\\/\\\/www.bomberosantarosa.gob.ec\\\/?s={search_term_string}\"},\"query-input\":{\"@type\":\"PropertyValueSpecification\",\"valueRequired\":true,\"valueName\":\"search_term_string\"}}],\"inLanguage\":\"en-US\"},{\"@type\":\"Organization\",\"@id\":\"https:\\\/\\\/www.bomberosantarosa.gob.ec\\\/#organization\",\"name\":\"Cuerpo de Bomberos Municipal del Cant\u00f3n Santa Rosa\",\"url\":\"https:\\\/\\\/www.bomberosantarosa.gob.ec\\\/\",\"logo\":{\"@type\":\"ImageObject\",\"inLanguage\":\"en-US\",\"@id\":\"https:\\\/\\\/www.bomberosantarosa.gob.ec\\\/#\\\/schema\\\/logo\\\/image\\\/\",\"url\":\"https:\\\/\\\/www.bomberosantarosa.gob.ec\\\/wp-content\\\/uploads\\\/2019\\\/05\\\/logo-sta-rosa.png\",\"contentUrl\":\"https:\\\/\\\/www.bomberosantarosa.gob.ec\\\/wp-content\\\/uploads\\\/2019\\\/05\\\/logo-sta-rosa.png\",\"width\":512,\"height\":512,\"caption\":\"Cuerpo de Bomberos Municipal del Cant\u00f3n Santa Rosa\"},\"image\":{\"@id\":\"https:\\\/\\\/www.bomberosantarosa.gob.ec\\\/#\\\/schema\\\/logo\\\/image\\\/\"},\"sameAs\":[\"https:\\\/\\\/www.facebook.com\\\/cbgadmsr\\\/\",\"https:\\\/\\\/x.com\\\/cbsantarosa\"]}]}<\/script>\n<!-- \/ Yoast SEO plugin. -->","yoast_head_json":{"title":"Procesos \u00cdnfimas Cuant\u00edas. - Cuerpo de Bomberos Municipal del Cant\u00f3n Santa Rosa","robots":{"index":"index","follow":"follow","max-snippet":"max-snippet:-1","max-image-preview":"max-image-preview:large","max-video-preview":"max-video-preview:-1"},"canonical":"https:\/\/www.bomberosantarosa.gob.ec\/en\/procesos-infimas-cuantias\/","og_locale":"en_US","og_type":"article","og_title":"Procesos \u00cdnfimas Cuant\u00edas. - Cuerpo de Bomberos Municipal del Cant\u00f3n Santa Rosa","og_description":"2021 Julio Cotizaci\u00f3n para reposici\u00f3n de motosierra Solicitud cotizaci\u00f3n Porta Estandarte Curso de Accidentes Of\u00eddicos Agosto Curso Programa de Contrataci\u00f3n P\u00fablica Julio Cotizaci\u00f3n para reposici\u00f3n de motosierra Solicitud cotizaci\u00f3n Porta Estandarte Curso de Accidentes Of\u00eddicos Agosto Curso Programa de Contrataci\u00f3n P\u00fablica Cotizaci\u00f3n para reposici\u00f3n de motosierra Solicitud cotizaci\u00f3n Porta Estandarte Curso de Accidentes Of\u00eddicos Curso ... Read more","og_url":"https:\/\/www.bomberosantarosa.gob.ec\/en\/procesos-infimas-cuantias\/","og_site_name":"Cuerpo de Bomberos Municipal del Cant\u00f3n Santa Rosa","article_publisher":"https:\/\/www.facebook.com\/cbgadmsr\/","article_modified_time":"2024-03-31T22:40:52+00:00","twitter_card":"summary_large_image","twitter_site":"@cbsantarosa","twitter_misc":{"Est. reading time":"1 minute"},"schema":{"@context":"https:\/\/schema.org","@graph":[{"@type":"WebPage","@id":"https:\/\/www.bomberosantarosa.gob.ec\/procesos-infimas-cuantias\/","url":"https:\/\/www.bomberosantarosa.gob.ec\/procesos-infimas-cuantias\/","name":"Procesos \u00cdnfimas Cuant\u00edas. - Cuerpo de Bomberos Municipal del Cant\u00f3n Santa Rosa","isPartOf":{"@id":"https:\/\/www.bomberosantarosa.gob.ec\/#website"},"datePublished":"2021-07-15T15:34:48+00:00","dateModified":"2024-03-31T22:40:52+00:00","breadcrumb":{"@id":"https:\/\/www.bomberosantarosa.gob.ec\/procesos-infimas-cuantias\/#breadcrumb"},"inLanguage":"en-US","potentialAction":[{"@type":"ReadAction","target":["https:\/\/www.bomberosantarosa.gob.ec\/procesos-infimas-cuantias\/"]}]},{"@type":"BreadcrumbList","@id":"https:\/\/www.bomberosantarosa.gob.ec\/procesos-infimas-cuantias\/#breadcrumb","itemListElement":[{"@type":"ListItem","position":1,"name":"Inicio","item":"https:\/\/www.bomberosantarosa.gob.ec\/"},{"@type":"ListItem","position":2,"name":"Procesos \u00cdnfimas Cuant\u00edas."}]},{"@type":"WebSite","@id":"https:\/\/www.bomberosantarosa.gob.ec\/#website","url":"https:\/\/www.bomberosantarosa.gob.ec\/","name":"Cuerpo de Bomberos Municipal del Cant\u00f3n Santa Rosa","description":"","publisher":{"@id":"https:\/\/www.bomberosantarosa.gob.ec\/#organization"},"potentialAction":[{"@type":"SearchAction","target":{"@type":"EntryPoint","urlTemplate":"https:\/\/www.bomberosantarosa.gob.ec\/?s={search_term_string}"},"query-input":{"@type":"PropertyValueSpecification","valueRequired":true,"valueName":"search_term_string"}}],"inLanguage":"en-US"},{"@type":"Organization","@id":"https:\/\/www.bomberosantarosa.gob.ec\/#organization","name":"Cuerpo de Bomberos Municipal del Cant\u00f3n Santa Rosa","url":"https:\/\/www.bomberosantarosa.gob.ec\/","logo":{"@type":"ImageObject","inLanguage":"en-US","@id":"https:\/\/www.bomberosantarosa.gob.ec\/#\/schema\/logo\/image\/","url":"https:\/\/www.bomberosantarosa.gob.ec\/wp-content\/uploads\/2019\/05\/logo-sta-rosa.png","contentUrl":"https:\/\/www.bomberosantarosa.gob.ec\/wp-content\/uploads\/2019\/05\/logo-sta-rosa.png","width":512,"height":512,"caption":"Cuerpo de Bomberos Municipal del Cant\u00f3n Santa Rosa"},"image":{"@id":"https:\/\/www.bomberosantarosa.gob.ec\/#\/schema\/logo\/image\/"},"sameAs":["https:\/\/www.facebook.com\/cbgadmsr\/","https:\/\/x.com\/cbsantarosa"]}]}},"_links":{"self":[{"href":"https:\/\/www.bomberosantarosa.gob.ec\/en\/wp-json\/wp\/v2\/pages\/3120","targetHints":{"allow":["GET"]}}],"collection":[{"href":"https:\/\/www.bomberosantarosa.gob.ec\/en\/wp-json\/wp\/v2\/pages"}],"about":[{"href":"https:\/\/www.bomberosantarosa.gob.ec\/en\/wp-json\/wp\/v2\/types\/page"}],"author":[{"embeddable":true,"href":"https:\/\/www.bomberosantarosa.gob.ec\/en\/wp-json\/wp\/v2\/users\/3"}],"replies":[{"embeddable":true,"href":"https:\/\/www.bomberosantarosa.gob.ec\/en\/wp-json\/wp\/v2\/comments?post=3120"}],"version-history":[{"count":0,"href":"https:\/\/www.bomberosantarosa.gob.ec\/en\/wp-json\/wp\/v2\/pages\/3120\/revisions"}],"wp:attachment":[{"href":"https:\/\/www.bomberosantarosa.gob.ec\/en\/wp-json\/wp\/v2\/media?parent=3120"}],"curies":[{"name":"wp","href":"https:\/\/api.w.org\/{rel}","templated":true}]}}