{"id":3531,"date":"2022-03-13T10:12:15","date_gmt":"2022-03-13T15:12:15","guid":{"rendered":"https:\/\/www.bomberosantarosa.gob.ec\/?page_id=3531"},"modified":"2025-03-07T10:17:22","modified_gmt":"2025-03-07T15:17:22","slug":"comandantes","status":"publish","type":"page","link":"https:\/\/www.bomberosantarosa.gob.ec\/en\/comandantes\/","title":{"rendered":"Company Commanders"},"content":{"rendered":"<div data-elementor-type=\"wp-page\" data-elementor-id=\"3531\" class=\"elementor elementor-3531\" data-elementor-post-type=\"page\">\n\t\t\t\t\t\t<section class=\"elementor-section elementor-top-section elementor-element elementor-element-c4dc240 elementor-section-full_width elementor-section-height-default elementor-section-height-default\" data-id=\"c4dc240\" data-element_type=\"section\" data-e-type=\"section\" data-settings=\"{&quot;background_background&quot;:&quot;gradient&quot;}\">\n\t\t\t\t\t\t<div class=\"elementor-container elementor-column-gap-default\">\n\t\t\t\t\t<div class=\"elementor-column elementor-col-100 elementor-top-column elementor-element elementor-element-f2d0d61\" data-id=\"f2d0d61\" data-element_type=\"column\" data-e-type=\"column\">\n\t\t\t<div class=\"elementor-widget-wrap elementor-element-populated\">\n\t\t\t\t\t\t<div class=\"elementor-element elementor-element-4e6c68f elementor-widget elementor-widget-heading\" data-id=\"4e6c68f\" data-element_type=\"widget\" data-e-type=\"widget\" data-widget_type=\"heading.default\">\n\t\t\t\t<div class=\"elementor-widget-container\">\n\t\t\t\t\t<h2 class=\"elementor-heading-title elementor-size-default\">Company Commanders<\/h2>\t\t\t\t<\/div>\n\t\t\t\t<\/div>\n\t\t\t\t\t<\/div>\n\t\t<\/div>\n\t\t\t\t\t<\/div>\n\t\t<\/section>\n\t\t<div class=\"elementor-element elementor-element-ecfa05f e-grid e-con-boxed e-con e-parent\" data-id=\"ecfa05f\" data-element_type=\"container\" data-e-type=\"container\">\n\t\t\t\t\t<div class=\"e-con-inner\">\n\t\t\t\t<div class=\"elementor-element elementor-element-669977a elementor-position-top elementor-widget elementor-widget-image-box\" data-id=\"669977a\" data-element_type=\"widget\" data-e-type=\"widget\" data-widget_type=\"image-box.default\">\n\t\t\t\t<div class=\"elementor-widget-container\">\n\t\t\t\t\t<div class=\"elementor-image-box-wrapper\"><figure class=\"elementor-image-box-img\"><img fetchpriority=\"high\" decoding=\"async\" width=\"1707\" height=\"2560\" src=\"https:\/\/www.bomberosantarosa.gob.ec\/wp-content\/uploads\/2025\/03\/OYOLAG-scaled.jpg\" class=\"attachment-full size-full wp-image-6377\" alt=\"\" srcset=\"https:\/\/www.bomberosantarosa.gob.ec\/wp-content\/uploads\/2025\/03\/OYOLAG-scaled.jpg 1707w, https:\/\/www.bomberosantarosa.gob.ec\/wp-content\/uploads\/2025\/03\/OYOLAG-200x300.jpg 200w, https:\/\/www.bomberosantarosa.gob.ec\/wp-content\/uploads\/2025\/03\/OYOLAG-683x1024.jpg 683w, https:\/\/www.bomberosantarosa.gob.ec\/wp-content\/uploads\/2025\/03\/OYOLAG-768x1152.jpg 768w, https:\/\/www.bomberosantarosa.gob.ec\/wp-content\/uploads\/2025\/03\/OYOLAG-1024x1536.jpg 1024w, https:\/\/www.bomberosantarosa.gob.ec\/wp-content\/uploads\/2025\/03\/OYOLAG-1365x2048.jpg 1365w\" sizes=\"(max-width: 1707px) 100vw, 1707px\" \/><\/figure><div class=\"elementor-image-box-content\"><h3 class=\"elementor-image-box-title\">Cabo (B) Tnlga. Geraldine Oyola Loaiza<\/h3><p class=\"elementor-image-box-description\">COMANDANTE CIA#2 AUGUSTO PALADINES.<\/p><\/div><\/div>\t\t\t\t<\/div>\n\t\t\t\t<\/div>\n\t\t\t\t<div class=\"elementor-element elementor-element-68b309c elementor-position-top elementor-widget elementor-widget-image-box\" data-id=\"68b309c\" data-element_type=\"widget\" data-e-type=\"widget\" data-widget_type=\"image-box.default\">\n\t\t\t\t<div class=\"elementor-widget-container\">\n\t\t\t\t\t<div class=\"elementor-image-box-wrapper\"><figure class=\"elementor-image-box-img\"><img decoding=\"async\" width=\"1707\" height=\"2560\" data-src=\"https:\/\/www.bomberosantarosa.gob.ec\/wp-content\/uploads\/2025\/03\/ORELLANA-scaled.jpg\" class=\"attachment-full size-full wp-image-6375 lazyload\" alt=\"\" data-srcset=\"https:\/\/www.bomberosantarosa.gob.ec\/wp-content\/uploads\/2025\/03\/ORELLANA-scaled.jpg 1707w, https:\/\/www.bomberosantarosa.gob.ec\/wp-content\/uploads\/2025\/03\/ORELLANA-200x300.jpg 200w, https:\/\/www.bomberosantarosa.gob.ec\/wp-content\/uploads\/2025\/03\/ORELLANA-683x1024.jpg 683w, https:\/\/www.bomberosantarosa.gob.ec\/wp-content\/uploads\/2025\/03\/ORELLANA-768x1152.jpg 768w, https:\/\/www.bomberosantarosa.gob.ec\/wp-content\/uploads\/2025\/03\/ORELLANA-1024x1536.jpg 1024w, https:\/\/www.bomberosantarosa.gob.ec\/wp-content\/uploads\/2025\/03\/ORELLANA-1365x2048.jpg 1365w\" data-sizes=\"(max-width: 1707px) 100vw, 1707px\" src=\"data:image\/svg+xml;base64,PHN2ZyB3aWR0aD0iMSIgaGVpZ2h0PSIxIiB4bWxucz0iaHR0cDovL3d3dy53My5vcmcvMjAwMC9zdmciPjwvc3ZnPg==\" style=\"--smush-placeholder-width: 1707px; --smush-placeholder-aspect-ratio: 1707\/2560;\" \/><\/figure><div class=\"elementor-image-box-content\"><h3 class=\"elementor-image-box-title\">Cabo (B) Lic. Marlon Orellana Pelaez<\/h3><p class=\"elementor-image-box-description\">COMANDANTE CIA#4 TNTE. PEDRO CRIOLLO GUZMAN.\n<\/p><\/div><\/div>\t\t\t\t<\/div>\n\t\t\t\t<\/div>\n\t\t\t\t\t<\/div>\n\t\t\t\t<\/div>\n\t\t<div class=\"elementor-element elementor-element-fd8e197 e-grid e-con-boxed e-con e-parent\" data-id=\"fd8e197\" data-element_type=\"container\" data-e-type=\"container\">\n\t\t\t\t\t<div class=\"e-con-inner\">\n\t\t\t\t<div class=\"elementor-element elementor-element-b05369d elementor-position-top elementor-widget elementor-widget-image-box\" data-id=\"b05369d\" data-element_type=\"widget\" data-e-type=\"widget\" data-widget_type=\"image-box.default\">\n\t\t\t\t<div class=\"elementor-widget-container\">\n\t\t\t\t\t<div class=\"elementor-image-box-wrapper\"><figure class=\"elementor-image-box-img\"><img decoding=\"async\" width=\"1707\" height=\"2560\" data-src=\"https:\/\/www.bomberosantarosa.gob.ec\/wp-content\/uploads\/2025\/03\/MARIN-scaled.jpg\" class=\"attachment-full size-full wp-image-6369 lazyload\" alt=\"\" data-srcset=\"https:\/\/www.bomberosantarosa.gob.ec\/wp-content\/uploads\/2025\/03\/MARIN-scaled.jpg 1707w, https:\/\/www.bomberosantarosa.gob.ec\/wp-content\/uploads\/2025\/03\/MARIN-200x300.jpg 200w, https:\/\/www.bomberosantarosa.gob.ec\/wp-content\/uploads\/2025\/03\/MARIN-683x1024.jpg 683w, https:\/\/www.bomberosantarosa.gob.ec\/wp-content\/uploads\/2025\/03\/MARIN-768x1152.jpg 768w, https:\/\/www.bomberosantarosa.gob.ec\/wp-content\/uploads\/2025\/03\/MARIN-1024x1536.jpg 1024w, https:\/\/www.bomberosantarosa.gob.ec\/wp-content\/uploads\/2025\/03\/MARIN-1365x2048.jpg 1365w\" data-sizes=\"(max-width: 1707px) 100vw, 1707px\" src=\"data:image\/svg+xml;base64,PHN2ZyB3aWR0aD0iMSIgaGVpZ2h0PSIxIiB4bWxucz0iaHR0cDovL3d3dy53My5vcmcvMjAwMC9zdmciPjwvc3ZnPg==\" style=\"--smush-placeholder-width: 1707px; --smush-placeholder-aspect-ratio: 1707\/2560;\" \/><\/figure><div class=\"elementor-image-box-content\"><h3 class=\"elementor-image-box-title\">Cabo (B) Michel Mar\u00edn Villacis.<\/h3><p class=\"elementor-image-box-description\">COMANDANTE CIA#6 JORGE KAYSER<\/p><\/div><\/div>\t\t\t\t<\/div>\n\t\t\t\t<\/div>\n\t\t\t\t<div class=\"elementor-element elementor-element-1e228aa elementor-position-top elementor-widget elementor-widget-image-box\" data-id=\"1e228aa\" data-element_type=\"widget\" data-e-type=\"widget\" data-widget_type=\"image-box.default\">\n\t\t\t\t<div class=\"elementor-widget-container\">\n\t\t\t\t\t<div class=\"elementor-image-box-wrapper\"><figure class=\"elementor-image-box-img\"><img decoding=\"async\" width=\"1707\" height=\"2560\" data-src=\"https:\/\/www.bomberosantarosa.gob.ec\/wp-content\/uploads\/2025\/03\/QUEZADA-scaled.jpg\" class=\"attachment-full size-full wp-image-6382 lazyload\" alt=\"\" data-srcset=\"https:\/\/www.bomberosantarosa.gob.ec\/wp-content\/uploads\/2025\/03\/QUEZADA-scaled.jpg 1707w, https:\/\/www.bomberosantarosa.gob.ec\/wp-content\/uploads\/2025\/03\/QUEZADA-200x300.jpg 200w, https:\/\/www.bomberosantarosa.gob.ec\/wp-content\/uploads\/2025\/03\/QUEZADA-683x1024.jpg 683w, https:\/\/www.bomberosantarosa.gob.ec\/wp-content\/uploads\/2025\/03\/QUEZADA-768x1152.jpg 768w, https:\/\/www.bomberosantarosa.gob.ec\/wp-content\/uploads\/2025\/03\/QUEZADA-1024x1536.jpg 1024w, https:\/\/www.bomberosantarosa.gob.ec\/wp-content\/uploads\/2025\/03\/QUEZADA-1365x2048.jpg 1365w\" data-sizes=\"(max-width: 1707px) 100vw, 1707px\" src=\"data:image\/svg+xml;base64,PHN2ZyB3aWR0aD0iMSIgaGVpZ2h0PSIxIiB4bWxucz0iaHR0cDovL3d3dy53My5vcmcvMjAwMC9zdmciPjwvc3ZnPg==\" style=\"--smush-placeholder-width: 1707px; --smush-placeholder-aspect-ratio: 1707\/2560;\" \/><\/figure><div class=\"elementor-image-box-content\"><h3 class=\"elementor-image-box-title\">(B) Lic. Luis Quezada Sanchez.<\/h3><p class=\"elementor-image-box-description\">COMANDANTE CIA#7 SUB OFC. CESAR BRAVO QUEVEDO.<\/p><\/div><\/div>\t\t\t\t<\/div>\n\t\t\t\t<\/div>\n\t\t\t\t\t<\/div>\n\t\t\t\t<\/div>\n\t\t\t\t<\/div>","protected":false},"excerpt":{"rendered":"<p>Comandantes de Compa\u00f1\u00edas Cabo (B) Tnlga. Geraldine Oyola Loaiza COMANDANTE CIA#2 AUGUSTO PALADINES. Cabo (B) Lic. Marlon Orellana Pelaez COMANDANTE CIA#4 TNTE. PEDRO CRIOLLO GUZMAN. Cabo (B) Michel Mar\u00edn Villacis. COMANDANTE CIA#6 JORGE KAYSER (B) Lic. Luis Quezada Sanchez. COMANDANTE CIA#7 SUB OFC. CESAR BRAVO QUEVEDO.<\/p>","protected":false},"author":3,"featured_media":0,"parent":0,"menu_order":0,"comment_status":"closed","ping_status":"closed","template":"","meta":{"footnotes":""},"class_list":["post-3531","page","type-page","status-publish"],"yoast_head":"<!-- This site is optimized with the Yoast SEO plugin v27.5 - https:\/\/yoast.com\/product\/yoast-seo-wordpress\/ -->\n<title>Comandantes de Compa\u00f1\u00edas - Cuerpo de Bomberos Municipal del Cant\u00f3n Santa Rosa<\/title>\n<meta name=\"robots\" content=\"index, follow, max-snippet:-1, max-image-preview:large, max-video-preview:-1\" \/>\n<link rel=\"canonical\" href=\"https:\/\/www.bomberosantarosa.gob.ec\/en\/comandantes\/\" \/>\n<meta property=\"og:locale\" content=\"en_US\" \/>\n<meta property=\"og:type\" content=\"article\" \/>\n<meta property=\"og:title\" content=\"Comandantes de Compa\u00f1\u00edas - Cuerpo de Bomberos Municipal del Cant\u00f3n Santa Rosa\" \/>\n<meta property=\"og:description\" content=\"Comandantes de Compa\u00f1\u00edas Cabo (B) Tnlga. Geraldine Oyola Loaiza COMANDANTE CIA#2 AUGUSTO PALADINES. Cabo (B) Lic. Marlon Orellana Pelaez COMANDANTE CIA#4 TNTE. PEDRO CRIOLLO GUZMAN. Cabo (B) Michel Mar\u00edn Villacis. COMANDANTE CIA#6 JORGE KAYSER (B) Lic. Luis Quezada Sanchez. COMANDANTE CIA#7 SUB OFC. CESAR BRAVO QUEVEDO.\" \/>\n<meta property=\"og:url\" content=\"https:\/\/www.bomberosantarosa.gob.ec\/en\/comandantes\/\" \/>\n<meta property=\"og:site_name\" content=\"Cuerpo de Bomberos Municipal del Cant\u00f3n Santa Rosa\" \/>\n<meta property=\"article:publisher\" content=\"https:\/\/www.facebook.com\/cbgadmsr\/\" \/>\n<meta property=\"article:modified_time\" content=\"2025-03-07T15:17:22+00:00\" \/>\n<meta property=\"og:image\" content=\"https:\/\/www.bomberosantarosa.gob.ec\/wp-content\/uploads\/2025\/03\/OYOLAG-scaled.jpg\" \/>\n\t<meta property=\"og:image:width\" content=\"1707\" \/>\n\t<meta property=\"og:image:height\" content=\"2560\" \/>\n\t<meta property=\"og:image:type\" content=\"image\/jpeg\" \/>\n<meta name=\"twitter:card\" content=\"summary_large_image\" \/>\n<meta name=\"twitter:site\" content=\"@cbsantarosa\" \/>\n<meta name=\"twitter:label1\" content=\"Est. reading time\" \/>\n\t<meta name=\"twitter:data1\" content=\"2 minutes\" \/>\n<script type=\"application\/ld+json\" class=\"yoast-schema-graph\">{\"@context\":\"https:\\\/\\\/schema.org\",\"@graph\":[{\"@type\":\"WebPage\",\"@id\":\"https:\\\/\\\/www.bomberosantarosa.gob.ec\\\/comandantes\\\/\",\"url\":\"https:\\\/\\\/www.bomberosantarosa.gob.ec\\\/comandantes\\\/\",\"name\":\"Comandantes de Compa\u00f1\u00edas - Cuerpo de Bomberos Municipal del Cant\u00f3n Santa Rosa\",\"isPartOf\":{\"@id\":\"https:\\\/\\\/www.bomberosantarosa.gob.ec\\\/#website\"},\"primaryImageOfPage\":{\"@id\":\"https:\\\/\\\/www.bomberosantarosa.gob.ec\\\/comandantes\\\/#primaryimage\"},\"image\":{\"@id\":\"https:\\\/\\\/www.bomberosantarosa.gob.ec\\\/comandantes\\\/#primaryimage\"},\"thumbnailUrl\":\"https:\\\/\\\/www.bomberosantarosa.gob.ec\\\/wp-content\\\/uploads\\\/2025\\\/03\\\/OYOLAG-scaled.jpg\",\"datePublished\":\"2022-03-13T15:12:15+00:00\",\"dateModified\":\"2025-03-07T15:17:22+00:00\",\"breadcrumb\":{\"@id\":\"https:\\\/\\\/www.bomberosantarosa.gob.ec\\\/comandantes\\\/#breadcrumb\"},\"inLanguage\":\"en-US\",\"potentialAction\":[{\"@type\":\"ReadAction\",\"target\":[\"https:\\\/\\\/www.bomberosantarosa.gob.ec\\\/comandantes\\\/\"]}]},{\"@type\":\"ImageObject\",\"inLanguage\":\"en-US\",\"@id\":\"https:\\\/\\\/www.bomberosantarosa.gob.ec\\\/comandantes\\\/#primaryimage\",\"url\":\"https:\\\/\\\/www.bomberosantarosa.gob.ec\\\/wp-content\\\/uploads\\\/2025\\\/03\\\/OYOLAG-scaled.jpg\",\"contentUrl\":\"https:\\\/\\\/www.bomberosantarosa.gob.ec\\\/wp-content\\\/uploads\\\/2025\\\/03\\\/OYOLAG-scaled.jpg\"},{\"@type\":\"BreadcrumbList\",\"@id\":\"https:\\\/\\\/www.bomberosantarosa.gob.ec\\\/comandantes\\\/#breadcrumb\",\"itemListElement\":[{\"@type\":\"ListItem\",\"position\":1,\"name\":\"Inicio\",\"item\":\"https:\\\/\\\/www.bomberosantarosa.gob.ec\\\/\"},{\"@type\":\"ListItem\",\"position\":2,\"name\":\"Comandantes de Compa\u00f1\u00edas\"}]},{\"@type\":\"WebSite\",\"@id\":\"https:\\\/\\\/www.bomberosantarosa.gob.ec\\\/#website\",\"url\":\"https:\\\/\\\/www.bomberosantarosa.gob.ec\\\/\",\"name\":\"Cuerpo de Bomberos Municipal del Cant\u00f3n Santa Rosa\",\"description\":\"\",\"publisher\":{\"@id\":\"https:\\\/\\\/www.bomberosantarosa.gob.ec\\\/#organization\"},\"potentialAction\":[{\"@type\":\"SearchAction\",\"target\":{\"@type\":\"EntryPoint\",\"urlTemplate\":\"https:\\\/\\\/www.bomberosantarosa.gob.ec\\\/?s={search_term_string}\"},\"query-input\":{\"@type\":\"PropertyValueSpecification\",\"valueRequired\":true,\"valueName\":\"search_term_string\"}}],\"inLanguage\":\"en-US\"},{\"@type\":\"Organization\",\"@id\":\"https:\\\/\\\/www.bomberosantarosa.gob.ec\\\/#organization\",\"name\":\"Cuerpo de Bomberos Municipal del Cant\u00f3n Santa Rosa\",\"url\":\"https:\\\/\\\/www.bomberosantarosa.gob.ec\\\/\",\"logo\":{\"@type\":\"ImageObject\",\"inLanguage\":\"en-US\",\"@id\":\"https:\\\/\\\/www.bomberosantarosa.gob.ec\\\/#\\\/schema\\\/logo\\\/image\\\/\",\"url\":\"https:\\\/\\\/www.bomberosantarosa.gob.ec\\\/wp-content\\\/uploads\\\/2019\\\/05\\\/logo-sta-rosa.png\",\"contentUrl\":\"https:\\\/\\\/www.bomberosantarosa.gob.ec\\\/wp-content\\\/uploads\\\/2019\\\/05\\\/logo-sta-rosa.png\",\"width\":512,\"height\":512,\"caption\":\"Cuerpo de Bomberos Municipal del Cant\u00f3n Santa Rosa\"},\"image\":{\"@id\":\"https:\\\/\\\/www.bomberosantarosa.gob.ec\\\/#\\\/schema\\\/logo\\\/image\\\/\"},\"sameAs\":[\"https:\\\/\\\/www.facebook.com\\\/cbgadmsr\\\/\",\"https:\\\/\\\/x.com\\\/cbsantarosa\"]}]}<\/script>\n<!-- \/ Yoast SEO plugin. -->","yoast_head_json":{"title":"Comandantes de Compa\u00f1\u00edas - Cuerpo de Bomberos Municipal del Cant\u00f3n Santa Rosa","robots":{"index":"index","follow":"follow","max-snippet":"max-snippet:-1","max-image-preview":"max-image-preview:large","max-video-preview":"max-video-preview:-1"},"canonical":"https:\/\/www.bomberosantarosa.gob.ec\/en\/comandantes\/","og_locale":"en_US","og_type":"article","og_title":"Comandantes de Compa\u00f1\u00edas - Cuerpo de Bomberos Municipal del Cant\u00f3n Santa Rosa","og_description":"Comandantes de Compa\u00f1\u00edas Cabo (B) Tnlga. Geraldine Oyola Loaiza COMANDANTE CIA#2 AUGUSTO PALADINES. Cabo (B) Lic. Marlon Orellana Pelaez COMANDANTE CIA#4 TNTE. PEDRO CRIOLLO GUZMAN. Cabo (B) Michel Mar\u00edn Villacis. COMANDANTE CIA#6 JORGE KAYSER (B) Lic. Luis Quezada Sanchez. COMANDANTE CIA#7 SUB OFC. CESAR BRAVO QUEVEDO.","og_url":"https:\/\/www.bomberosantarosa.gob.ec\/en\/comandantes\/","og_site_name":"Cuerpo de Bomberos Municipal del Cant\u00f3n Santa Rosa","article_publisher":"https:\/\/www.facebook.com\/cbgadmsr\/","article_modified_time":"2025-03-07T15:17:22+00:00","og_image":[{"width":1707,"height":2560,"url":"https:\/\/www.bomberosantarosa.gob.ec\/wp-content\/uploads\/2025\/03\/OYOLAG-scaled.jpg","type":"image\/jpeg"}],"twitter_card":"summary_large_image","twitter_site":"@cbsantarosa","twitter_misc":{"Est. reading time":"2 minutes"},"schema":{"@context":"https:\/\/schema.org","@graph":[{"@type":"WebPage","@id":"https:\/\/www.bomberosantarosa.gob.ec\/comandantes\/","url":"https:\/\/www.bomberosantarosa.gob.ec\/comandantes\/","name":"Comandantes de Compa\u00f1\u00edas - Cuerpo de Bomberos Municipal del Cant\u00f3n Santa Rosa","isPartOf":{"@id":"https:\/\/www.bomberosantarosa.gob.ec\/#website"},"primaryImageOfPage":{"@id":"https:\/\/www.bomberosantarosa.gob.ec\/comandantes\/#primaryimage"},"image":{"@id":"https:\/\/www.bomberosantarosa.gob.ec\/comandantes\/#primaryimage"},"thumbnailUrl":"https:\/\/www.bomberosantarosa.gob.ec\/wp-content\/uploads\/2025\/03\/OYOLAG-scaled.jpg","datePublished":"2022-03-13T15:12:15+00:00","dateModified":"2025-03-07T15:17:22+00:00","breadcrumb":{"@id":"https:\/\/www.bomberosantarosa.gob.ec\/comandantes\/#breadcrumb"},"inLanguage":"en-US","potentialAction":[{"@type":"ReadAction","target":["https:\/\/www.bomberosantarosa.gob.ec\/comandantes\/"]}]},{"@type":"ImageObject","inLanguage":"en-US","@id":"https:\/\/www.bomberosantarosa.gob.ec\/comandantes\/#primaryimage","url":"https:\/\/www.bomberosantarosa.gob.ec\/wp-content\/uploads\/2025\/03\/OYOLAG-scaled.jpg","contentUrl":"https:\/\/www.bomberosantarosa.gob.ec\/wp-content\/uploads\/2025\/03\/OYOLAG-scaled.jpg"},{"@type":"BreadcrumbList","@id":"https:\/\/www.bomberosantarosa.gob.ec\/comandantes\/#breadcrumb","itemListElement":[{"@type":"ListItem","position":1,"name":"Inicio","item":"https:\/\/www.bomberosantarosa.gob.ec\/"},{"@type":"ListItem","position":2,"name":"Comandantes de Compa\u00f1\u00edas"}]},{"@type":"WebSite","@id":"https:\/\/www.bomberosantarosa.gob.ec\/#website","url":"https:\/\/www.bomberosantarosa.gob.ec\/","name":"Cuerpo de Bomberos Municipal del Cant\u00f3n Santa Rosa","description":"","publisher":{"@id":"https:\/\/www.bomberosantarosa.gob.ec\/#organization"},"potentialAction":[{"@type":"SearchAction","target":{"@type":"EntryPoint","urlTemplate":"https:\/\/www.bomberosantarosa.gob.ec\/?s={search_term_string}"},"query-input":{"@type":"PropertyValueSpecification","valueRequired":true,"valueName":"search_term_string"}}],"inLanguage":"en-US"},{"@type":"Organization","@id":"https:\/\/www.bomberosantarosa.gob.ec\/#organization","name":"Cuerpo de Bomberos Municipal del Cant\u00f3n Santa Rosa","url":"https:\/\/www.bomberosantarosa.gob.ec\/","logo":{"@type":"ImageObject","inLanguage":"en-US","@id":"https:\/\/www.bomberosantarosa.gob.ec\/#\/schema\/logo\/image\/","url":"https:\/\/www.bomberosantarosa.gob.ec\/wp-content\/uploads\/2019\/05\/logo-sta-rosa.png","contentUrl":"https:\/\/www.bomberosantarosa.gob.ec\/wp-content\/uploads\/2019\/05\/logo-sta-rosa.png","width":512,"height":512,"caption":"Cuerpo de Bomberos Municipal del Cant\u00f3n Santa Rosa"},"image":{"@id":"https:\/\/www.bomberosantarosa.gob.ec\/#\/schema\/logo\/image\/"},"sameAs":["https:\/\/www.facebook.com\/cbgadmsr\/","https:\/\/x.com\/cbsantarosa"]}]}},"_links":{"self":[{"href":"https:\/\/www.bomberosantarosa.gob.ec\/en\/wp-json\/wp\/v2\/pages\/3531","targetHints":{"allow":["GET"]}}],"collection":[{"href":"https:\/\/www.bomberosantarosa.gob.ec\/en\/wp-json\/wp\/v2\/pages"}],"about":[{"href":"https:\/\/www.bomberosantarosa.gob.ec\/en\/wp-json\/wp\/v2\/types\/page"}],"author":[{"embeddable":true,"href":"https:\/\/www.bomberosantarosa.gob.ec\/en\/wp-json\/wp\/v2\/users\/3"}],"replies":[{"embeddable":true,"href":"https:\/\/www.bomberosantarosa.gob.ec\/en\/wp-json\/wp\/v2\/comments?post=3531"}],"version-history":[{"count":3,"href":"https:\/\/www.bomberosantarosa.gob.ec\/en\/wp-json\/wp\/v2\/pages\/3531\/revisions"}],"predecessor-version":[{"id":6428,"href":"https:\/\/www.bomberosantarosa.gob.ec\/en\/wp-json\/wp\/v2\/pages\/3531\/revisions\/6428"}],"wp:attachment":[{"href":"https:\/\/www.bomberosantarosa.gob.ec\/en\/wp-json\/wp\/v2\/media?parent=3531"}],"curies":[{"name":"wp","href":"https:\/\/api.w.org\/{rel}","templated":true}]}}