{"id":4601,"date":"2023-11-13T11:20:36","date_gmt":"2023-11-13T16:20:36","guid":{"rendered":"https:\/\/www.bomberosantarosa.gob.ec\/?page_id=4601"},"modified":"2026-03-16T09:23:41","modified_gmt":"2026-03-16T14:23:41","slug":"importaciones","status":"publish","type":"page","link":"https:\/\/www.bomberosantarosa.gob.ec\/en\/importaciones\/","title":{"rendered":"Imports"},"content":{"rendered":"<div data-elementor-type=\"wp-page\" data-elementor-id=\"4601\" class=\"elementor elementor-4601\" data-elementor-post-type=\"page\">\n\t\t\t\t<div class=\"elementor-element elementor-element-2de9d32 e-flex e-con-boxed e-con e-parent\" data-id=\"2de9d32\" data-element_type=\"container\" data-e-type=\"container\">\n\t\t\t\t\t<div class=\"e-con-inner\">\n\t\t\t\t<div class=\"elementor-element elementor-element-a5a45ad elementor-widget elementor-widget-n-accordion\" data-id=\"a5a45ad\" data-element_type=\"widget\" data-e-type=\"widget\" data-settings=\"{&quot;default_state&quot;:&quot;expanded&quot;,&quot;max_items_expended&quot;:&quot;one&quot;,&quot;n_accordion_animation_duration&quot;:{&quot;unit&quot;:&quot;ms&quot;,&quot;size&quot;:400,&quot;sizes&quot;:[]}}\" data-widget_type=\"nested-accordion.default\">\n\t\t\t\t<div class=\"elementor-widget-container\">\n\t\t\t\t\t\t\t<div class=\"e-n-accordion\" aria-label=\"Accordion. Open links with Enter or Space, close with Escape, and navigate with Arrow Keys\">\n\t\t\t\t\t\t<details id=\"e-n-accordion-item-1730\" class=\"e-n-accordion-item\" open>\n\t\t\t\t<summary class=\"e-n-accordion-item-title\" data-accordion-index=\"1\" tabindex=\"0\" aria-expanded=\"true\" aria-controls=\"e-n-accordion-item-1730\" >\n\t\t\t\t\t<span class='e-n-accordion-item-title-header'><div class=\"e-n-accordion-item-title-text\"> 2026 <\/div><\/span>\n\t\t\t\t\t\t\t<span class='e-n-accordion-item-title-icon'>\n\t\t\t<span class='e-opened' ><svg aria-hidden=\"true\" class=\"e-font-icon-svg e-fas-angle-double-up\" viewbox=\"0 0 320 512\" xmlns=\"http:\/\/www.w3.org\/2000\/svg\"><path d=\"M177 255.7l136 136c9.4 9.4 9.4 24.6 0 33.9l-22.6 22.6c-9.4 9.4-24.6 9.4-33.9 0L160 351.9l-96.4 96.4c-9.4 9.4-24.6 9.4-33.9 0L7 425.7c-9.4-9.4-9.4-24.6 0-33.9l136-136c9.4-9.5 24.6-9.5 34-.1zm-34-192L7 199.7c-9.4 9.4-9.4 24.6 0 33.9l22.6 22.6c9.4 9.4 24.6 9.4 33.9 0l96.4-96.4 96.4 96.4c9.4 9.4 24.6 9.4 33.9 0l22.6-22.6c9.4-9.4 9.4-24.6 0-33.9l-136-136c-9.2-9.4-24.4-9.4-33.8 0z\"><\/path><\/svg><\/span>\n\t\t\t<span class='e-closed'><svg aria-hidden=\"true\" class=\"e-font-icon-svg e-fas-angle-double-down\" viewbox=\"0 0 320 512\" xmlns=\"http:\/\/www.w3.org\/2000\/svg\"><path d=\"M143 256.3L7 120.3c-9.4-9.4-9.4-24.6 0-33.9l22.6-22.6c9.4-9.4 24.6-9.4 33.9 0l96.4 96.4 96.4-96.4c9.4-9.4 24.6-9.4 33.9 0L313 86.3c9.4 9.4 9.4 24.6 0 33.9l-136 136c-9.4 9.5-24.6 9.5-34 .1zm34 192l136-136c9.4-9.4 9.4-24.6 0-33.9l-22.6-22.6c-9.4-9.4-24.6-9.4-33.9 0L160 352.1l-96.4-96.4c-9.4-9.4-24.6-9.4-33.9 0L7 278.3c-9.4 9.4-9.4 24.6 0 33.9l136 136c9.4 9.5 24.6 9.5 34 .1z\"><\/path><\/svg><\/span>\n\t\t<\/span>\n\n\t\t\t\t\t\t<\/summary>\n\t\t\t\t<div role=\"region\" aria-labelledby=\"e-n-accordion-item-1730\" class=\"elementor-element elementor-element-167bbf3 e-con-full e-flex e-con e-child\" data-id=\"167bbf3\" data-element_type=\"container\" data-e-type=\"container\">\n\t\t\t\t<div class=\"elementor-element elementor-element-79cf239 elementor-widget elementor-widget-n-accordion\" data-id=\"79cf239\" data-element_type=\"widget\" data-e-type=\"widget\" data-settings=\"{&quot;default_state&quot;:&quot;expanded&quot;,&quot;max_items_expended&quot;:&quot;one&quot;,&quot;n_accordion_animation_duration&quot;:{&quot;unit&quot;:&quot;ms&quot;,&quot;size&quot;:400,&quot;sizes&quot;:[]}}\" data-widget_type=\"nested-accordion.default\">\n\t\t\t\t<div class=\"elementor-widget-container\">\n\t\t\t\t\t\t\t<div class=\"e-n-accordion\" aria-label=\"Accordion. Open links with Enter or Space, close with Escape, and navigate with Arrow Keys\">\n\t\t\t\t\t\t<details id=\"e-n-accordion-item-1270\" class=\"e-n-accordion-item\" open>\n\t\t\t\t<summary class=\"e-n-accordion-item-title\" data-accordion-index=\"1\" tabindex=\"0\" aria-expanded=\"true\" aria-controls=\"e-n-accordion-item-1270\" >\n\t\t\t\t\t<span class='e-n-accordion-item-title-header'><div class=\"e-n-accordion-item-title-text\"> MARZO <\/div><\/span>\n\t\t\t\t\t\t\t\t\t<\/summary>\n\t\t\t\t<div role=\"region region\" aria-labelledby=\"e-n-accordion-item-1730 e-n-accordion-item-1270\" class=\"elementor-element elementor-element-c1dff95 e-con-full e-flex e-con e-child\" data-id=\"c1dff95\" data-element_type=\"container\" data-e-type=\"container\">\n\t\t\t\t<div class=\"elementor-element elementor-element-9bcbc84 elementor-icon-list--layout-traditional elementor-list-item-link-full_width elementor-widget elementor-widget-icon-list\" data-id=\"9bcbc84\" data-element_type=\"widget\" data-e-type=\"widget\" data-widget_type=\"icon-list.default\">\n\t\t\t\t<div class=\"elementor-widget-container\">\n\t\t\t\t\t\t\t<ul class=\"elementor-icon-list-items\">\n\t\t\t\t\t\t\t<li class=\"elementor-icon-list-item\">\n\t\t\t\t\t\t\t\t\t\t\t<a href=\"https:\/\/drive.google.com\/drive\/folders\/1avENhLm_JDfxgZ-7vEADgP0k00-1rDpq?usp=drive_link\" target=\"_blank\">\n\n\t\t\t\t\t\t\t\t\t\t\t\t<span class=\"elementor-icon-list-icon\">\n\t\t\t\t\t\t\t<svg aria-hidden=\"true\" class=\"e-font-icon-svg e-fas-circle\" viewbox=\"0 0 512 512\" xmlns=\"http:\/\/www.w3.org\/2000\/svg\"><path d=\"M256 8C119 8 8 119 8 256s111 248 248 248 248-111 248-248S393 8 256 8z\"><\/path><\/svg>\t\t\t\t\t\t<\/span>\n\t\t\t\t\t\t\t\t\t\t<span class=\"elementor-icon-list-text\">PROCESO DE ADQUISICI\u00d3N DE TRAJES ESTRUCTURALES (EPP) PARA EL CUERPO DE BOMBEROS MUNICIPAL DEL CANT\u00d3N SANTA ROSA.<\/span>\n\t\t\t\t\t\t\t\t\t\t\t<\/a>\n\t\t\t\t\t\t\t\t\t<\/li>\n\t\t\t\t\t\t<\/ul>\n\t\t\t\t\t\t<\/div>\n\t\t\t\t<\/div>\n\t\t\t\t<\/div>\n\t\t\t\t\t<\/details>\n\t\t\t\t\t<\/div>\n\t\t\t\t\t\t<\/div>\n\t\t\t\t<\/div>\n\t\t\t\t<\/div>\n\t\t\t\t\t<\/details>\n\t\t\t\t\t<\/div>\n\t\t\t\t\t\t<\/div>\n\t\t\t\t<\/div>\n\t\t\t\t<div class=\"elementor-element elementor-element-f2e2046 elementor-widget elementor-widget-n-accordion\" data-id=\"f2e2046\" data-element_type=\"widget\" data-e-type=\"widget\" data-settings=\"{&quot;default_state&quot;:&quot;expanded&quot;,&quot;max_items_expended&quot;:&quot;one&quot;,&quot;n_accordion_animation_duration&quot;:{&quot;unit&quot;:&quot;ms&quot;,&quot;size&quot;:400,&quot;sizes&quot;:[]}}\" data-widget_type=\"nested-accordion.default\">\n\t\t\t\t<div class=\"elementor-widget-container\">\n\t\t\t\t\t\t\t<div class=\"e-n-accordion\" aria-label=\"Accordion. Open links with Enter or Space, close with Escape, and navigate with Arrow Keys\">\n\t\t\t\t\t\t<details id=\"e-n-accordion-item-2540\" class=\"e-n-accordion-item\" open>\n\t\t\t\t<summary class=\"e-n-accordion-item-title\" data-accordion-index=\"1\" tabindex=\"0\" aria-expanded=\"true\" aria-controls=\"e-n-accordion-item-2540\" >\n\t\t\t\t\t<span class='e-n-accordion-item-title-header'><div class=\"e-n-accordion-item-title-text\"> 2023 <\/div><\/span>\n\t\t\t\t\t\t\t<span class='e-n-accordion-item-title-icon'>\n\t\t\t<span class='e-opened' ><svg aria-hidden=\"true\" class=\"e-font-icon-svg e-fas-angle-double-up\" viewbox=\"0 0 320 512\" xmlns=\"http:\/\/www.w3.org\/2000\/svg\"><path d=\"M177 255.7l136 136c9.4 9.4 9.4 24.6 0 33.9l-22.6 22.6c-9.4 9.4-24.6 9.4-33.9 0L160 351.9l-96.4 96.4c-9.4 9.4-24.6 9.4-33.9 0L7 425.7c-9.4-9.4-9.4-24.6 0-33.9l136-136c9.4-9.5 24.6-9.5 34-.1zm-34-192L7 199.7c-9.4 9.4-9.4 24.6 0 33.9l22.6 22.6c9.4 9.4 24.6 9.4 33.9 0l96.4-96.4 96.4 96.4c9.4 9.4 24.6 9.4 33.9 0l22.6-22.6c9.4-9.4 9.4-24.6 0-33.9l-136-136c-9.2-9.4-24.4-9.4-33.8 0z\"><\/path><\/svg><\/span>\n\t\t\t<span class='e-closed'><svg aria-hidden=\"true\" class=\"e-font-icon-svg e-fas-angle-double-down\" viewbox=\"0 0 320 512\" xmlns=\"http:\/\/www.w3.org\/2000\/svg\"><path d=\"M143 256.3L7 120.3c-9.4-9.4-9.4-24.6 0-33.9l22.6-22.6c9.4-9.4 24.6-9.4 33.9 0l96.4 96.4 96.4-96.4c9.4-9.4 24.6-9.4 33.9 0L313 86.3c9.4 9.4 9.4 24.6 0 33.9l-136 136c-9.4 9.5-24.6 9.5-34 .1zm34 192l136-136c9.4-9.4 9.4-24.6 0-33.9l-22.6-22.6c-9.4-9.4-24.6-9.4-33.9 0L160 352.1l-96.4-96.4c-9.4-9.4-24.6-9.4-33.9 0L7 278.3c-9.4 9.4-9.4 24.6 0 33.9l136 136c9.4 9.5 24.6 9.5 34 .1z\"><\/path><\/svg><\/span>\n\t\t<\/span>\n\n\t\t\t\t\t\t<\/summary>\n\t\t\t\t<div role=\"region\" aria-labelledby=\"e-n-accordion-item-2540\" class=\"elementor-element elementor-element-63d4af2 e-con-full e-flex e-con e-child\" data-id=\"63d4af2\" data-element_type=\"container\" data-e-type=\"container\">\n\t\t\t\t<div class=\"elementor-element elementor-element-55c867c elementor-widget elementor-widget-n-accordion\" data-id=\"55c867c\" data-element_type=\"widget\" data-e-type=\"widget\" data-settings=\"{&quot;default_state&quot;:&quot;expanded&quot;,&quot;max_items_expended&quot;:&quot;one&quot;,&quot;n_accordion_animation_duration&quot;:{&quot;unit&quot;:&quot;ms&quot;,&quot;size&quot;:400,&quot;sizes&quot;:[]}}\" data-widget_type=\"nested-accordion.default\">\n\t\t\t\t<div class=\"elementor-widget-container\">\n\t\t\t\t\t\t\t<div class=\"e-n-accordion\" aria-label=\"Accordion. Open links with Enter or Space, close with Escape, and navigate with Arrow Keys\">\n\t\t\t\t\t\t<details id=\"e-n-accordion-item-8990\" class=\"e-n-accordion-item\" open>\n\t\t\t\t<summary class=\"e-n-accordion-item-title\" data-accordion-index=\"1\" tabindex=\"0\" aria-expanded=\"true\" aria-controls=\"e-n-accordion-item-8990\" >\n\t\t\t\t\t<span class='e-n-accordion-item-title-header'><div class=\"e-n-accordion-item-title-text\"> Noviembre <\/div><\/span>\n\t\t\t\t\t\t\t\t\t<\/summary>\n\t\t\t\t<div role=\"region region\" aria-labelledby=\"e-n-accordion-item-2540 e-n-accordion-item-8990\" class=\"elementor-element elementor-element-163e800 e-con-full e-flex e-con e-child\" data-id=\"163e800\" data-element_type=\"container\" data-e-type=\"container\">\n\t\t\t\t<div class=\"elementor-element elementor-element-9d0a16b elementor-icon-list--layout-traditional elementor-list-item-link-full_width elementor-widget elementor-widget-icon-list\" data-id=\"9d0a16b\" data-element_type=\"widget\" data-e-type=\"widget\" data-widget_type=\"icon-list.default\">\n\t\t\t\t<div class=\"elementor-widget-container\">\n\t\t\t\t\t\t\t<ul class=\"elementor-icon-list-items\">\n\t\t\t\t\t\t\t<li class=\"elementor-icon-list-item\">\n\t\t\t\t\t\t\t\t\t\t\t<a href=\"https:\/\/drive.google.com\/drive\/folders\/13FCDO6dLUxDbA_lXTsoNpWG07FxSGvs7\" target=\"_blank\">\n\n\t\t\t\t\t\t\t\t\t\t\t\t<span class=\"elementor-icon-list-icon\">\n\t\t\t\t\t\t\t<svg aria-hidden=\"true\" class=\"e-font-icon-svg e-fas-circle\" viewbox=\"0 0 512 512\" xmlns=\"http:\/\/www.w3.org\/2000\/svg\"><path d=\"M256 8C119 8 8 119 8 256s111 248 248 248 248-111 248-248S393 8 256 8z\"><\/path><\/svg>\t\t\t\t\t\t<\/span>\n\t\t\t\t\t\t\t\t\t\t<span class=\"elementor-icon-list-text\">PROCESO DE ADQUISICI\u00d3N DE EQUIPOS DE RESPIRACI\u00d3N AUTONOMA, REGULADORES DE PRESI\u00d3N Y MASCARAS FULL FACE PARA EL CUERPO DE BOMBEROS MUNICIPAL DEL CANT\u00d3N SANTA ROSA.<\/span>\n\t\t\t\t\t\t\t\t\t\t\t<\/a>\n\t\t\t\t\t\t\t\t\t<\/li>\n\t\t\t\t\t\t<\/ul>\n\t\t\t\t\t\t<\/div>\n\t\t\t\t<\/div>\n\t\t\t\t<\/div>\n\t\t\t\t\t<\/details>\n\t\t\t\t\t<\/div>\n\t\t\t\t\t\t<\/div>\n\t\t\t\t<\/div>\n\t\t\t\t<\/div>\n\t\t\t\t\t<\/details>\n\t\t\t\t\t<\/div>\n\t\t\t\t\t\t<\/div>\n\t\t\t\t<\/div>\n\t\t\t\t\t<\/div>\n\t\t\t\t<\/div>\n\t\t\t\t<\/div>","protected":false},"excerpt":{"rendered":"<p>2026 MARZO PROCESO DE ADQUISICI\u00d3N DE TRAJES ESTRUCTURALES (EPP) PARA EL CUERPO DE BOMBEROS MUNICIPAL DEL CANT\u00d3N SANTA ROSA. MARZO PROCESO DE ADQUISICI\u00d3N DE TRAJES ESTRUCTURALES (EPP) PARA EL CUERPO DE BOMBEROS MUNICIPAL DEL CANT\u00d3N SANTA ROSA. PROCESO DE ADQUISICI\u00d3N DE TRAJES ESTRUCTURALES (EPP) PARA EL CUERPO DE BOMBEROS MUNICIPAL DEL CANT\u00d3N SANTA ROSA. 2023 &#8230; <a title=\"Imports\" class=\"read-more\" href=\"https:\/\/www.bomberosantarosa.gob.ec\/en\/importaciones\/\" aria-label=\"Read more about Importaciones\">Read more<\/a><\/p>","protected":false},"author":3,"featured_media":0,"parent":0,"menu_order":0,"comment_status":"closed","ping_status":"closed","template":"","meta":{"footnotes":""},"class_list":["post-4601","page","type-page","status-publish"],"yoast_head":"<!-- This site is optimized with the Yoast SEO plugin v27.5 - https:\/\/yoast.com\/product\/yoast-seo-wordpress\/ -->\n<title>Importaciones - Cuerpo de Bomberos Municipal del Cant\u00f3n Santa Rosa<\/title>\n<meta name=\"robots\" content=\"index, follow, max-snippet:-1, max-image-preview:large, max-video-preview:-1\" \/>\n<link rel=\"canonical\" href=\"https:\/\/www.bomberosantarosa.gob.ec\/en\/importaciones\/\" \/>\n<meta property=\"og:locale\" content=\"en_US\" \/>\n<meta property=\"og:type\" content=\"article\" \/>\n<meta property=\"og:title\" content=\"Importaciones - Cuerpo de Bomberos Municipal del Cant\u00f3n Santa Rosa\" \/>\n<meta property=\"og:description\" content=\"2026 MARZO PROCESO DE ADQUISICI\u00d3N DE TRAJES ESTRUCTURALES (EPP) PARA EL CUERPO DE BOMBEROS MUNICIPAL DEL CANT\u00d3N SANTA ROSA. MARZO PROCESO DE ADQUISICI\u00d3N DE TRAJES ESTRUCTURALES (EPP) PARA EL CUERPO DE BOMBEROS MUNICIPAL DEL CANT\u00d3N SANTA ROSA. PROCESO DE ADQUISICI\u00d3N DE TRAJES ESTRUCTURALES (EPP) PARA EL CUERPO DE BOMBEROS MUNICIPAL DEL CANT\u00d3N SANTA ROSA. 2023 ... Read more\" \/>\n<meta property=\"og:url\" content=\"https:\/\/www.bomberosantarosa.gob.ec\/en\/importaciones\/\" \/>\n<meta property=\"og:site_name\" content=\"Cuerpo de Bomberos Municipal del Cant\u00f3n Santa Rosa\" \/>\n<meta property=\"article:publisher\" content=\"https:\/\/www.facebook.com\/cbgadmsr\/\" \/>\n<meta property=\"article:modified_time\" content=\"2026-03-16T14:23:41+00:00\" \/>\n<meta name=\"twitter:card\" content=\"summary_large_image\" \/>\n<meta name=\"twitter:site\" content=\"@cbsantarosa\" \/>\n<meta name=\"twitter:label1\" content=\"Est. reading time\" \/>\n\t<meta name=\"twitter:data1\" content=\"1 minute\" \/>\n<script type=\"application\/ld+json\" class=\"yoast-schema-graph\">{\"@context\":\"https:\\\/\\\/schema.org\",\"@graph\":[{\"@type\":\"WebPage\",\"@id\":\"https:\\\/\\\/www.bomberosantarosa.gob.ec\\\/importaciones\\\/\",\"url\":\"https:\\\/\\\/www.bomberosantarosa.gob.ec\\\/importaciones\\\/\",\"name\":\"Importaciones - Cuerpo de Bomberos Municipal del Cant\u00f3n Santa Rosa\",\"isPartOf\":{\"@id\":\"https:\\\/\\\/www.bomberosantarosa.gob.ec\\\/#website\"},\"datePublished\":\"2023-11-13T16:20:36+00:00\",\"dateModified\":\"2026-03-16T14:23:41+00:00\",\"breadcrumb\":{\"@id\":\"https:\\\/\\\/www.bomberosantarosa.gob.ec\\\/importaciones\\\/#breadcrumb\"},\"inLanguage\":\"en-US\",\"potentialAction\":[{\"@type\":\"ReadAction\",\"target\":[\"https:\\\/\\\/www.bomberosantarosa.gob.ec\\\/importaciones\\\/\"]}]},{\"@type\":\"BreadcrumbList\",\"@id\":\"https:\\\/\\\/www.bomberosantarosa.gob.ec\\\/importaciones\\\/#breadcrumb\",\"itemListElement\":[{\"@type\":\"ListItem\",\"position\":1,\"name\":\"Inicio\",\"item\":\"https:\\\/\\\/www.bomberosantarosa.gob.ec\\\/\"},{\"@type\":\"ListItem\",\"position\":2,\"name\":\"Importaciones\"}]},{\"@type\":\"WebSite\",\"@id\":\"https:\\\/\\\/www.bomberosantarosa.gob.ec\\\/#website\",\"url\":\"https:\\\/\\\/www.bomberosantarosa.gob.ec\\\/\",\"name\":\"Cuerpo de Bomberos Municipal del Cant\u00f3n Santa Rosa\",\"description\":\"\",\"publisher\":{\"@id\":\"https:\\\/\\\/www.bomberosantarosa.gob.ec\\\/#organization\"},\"potentialAction\":[{\"@type\":\"SearchAction\",\"target\":{\"@type\":\"EntryPoint\",\"urlTemplate\":\"https:\\\/\\\/www.bomberosantarosa.gob.ec\\\/?s={search_term_string}\"},\"query-input\":{\"@type\":\"PropertyValueSpecification\",\"valueRequired\":true,\"valueName\":\"search_term_string\"}}],\"inLanguage\":\"en-US\"},{\"@type\":\"Organization\",\"@id\":\"https:\\\/\\\/www.bomberosantarosa.gob.ec\\\/#organization\",\"name\":\"Cuerpo de Bomberos Municipal del Cant\u00f3n Santa Rosa\",\"url\":\"https:\\\/\\\/www.bomberosantarosa.gob.ec\\\/\",\"logo\":{\"@type\":\"ImageObject\",\"inLanguage\":\"en-US\",\"@id\":\"https:\\\/\\\/www.bomberosantarosa.gob.ec\\\/#\\\/schema\\\/logo\\\/image\\\/\",\"url\":\"https:\\\/\\\/www.bomberosantarosa.gob.ec\\\/wp-content\\\/uploads\\\/2019\\\/05\\\/logo-sta-rosa.png\",\"contentUrl\":\"https:\\\/\\\/www.bomberosantarosa.gob.ec\\\/wp-content\\\/uploads\\\/2019\\\/05\\\/logo-sta-rosa.png\",\"width\":512,\"height\":512,\"caption\":\"Cuerpo de Bomberos Municipal del Cant\u00f3n Santa Rosa\"},\"image\":{\"@id\":\"https:\\\/\\\/www.bomberosantarosa.gob.ec\\\/#\\\/schema\\\/logo\\\/image\\\/\"},\"sameAs\":[\"https:\\\/\\\/www.facebook.com\\\/cbgadmsr\\\/\",\"https:\\\/\\\/x.com\\\/cbsantarosa\"]}]}<\/script>\n<!-- \/ Yoast SEO plugin. -->","yoast_head_json":{"title":"Importaciones - Cuerpo de Bomberos Municipal del Cant\u00f3n Santa Rosa","robots":{"index":"index","follow":"follow","max-snippet":"max-snippet:-1","max-image-preview":"max-image-preview:large","max-video-preview":"max-video-preview:-1"},"canonical":"https:\/\/www.bomberosantarosa.gob.ec\/en\/importaciones\/","og_locale":"en_US","og_type":"article","og_title":"Importaciones - Cuerpo de Bomberos Municipal del Cant\u00f3n Santa Rosa","og_description":"2026 MARZO PROCESO DE ADQUISICI\u00d3N DE TRAJES ESTRUCTURALES (EPP) PARA EL CUERPO DE BOMBEROS MUNICIPAL DEL CANT\u00d3N SANTA ROSA. MARZO PROCESO DE ADQUISICI\u00d3N DE TRAJES ESTRUCTURALES (EPP) PARA EL CUERPO DE BOMBEROS MUNICIPAL DEL CANT\u00d3N SANTA ROSA. PROCESO DE ADQUISICI\u00d3N DE TRAJES ESTRUCTURALES (EPP) PARA EL CUERPO DE BOMBEROS MUNICIPAL DEL CANT\u00d3N SANTA ROSA. 2023 ... Read more","og_url":"https:\/\/www.bomberosantarosa.gob.ec\/en\/importaciones\/","og_site_name":"Cuerpo de Bomberos Municipal del Cant\u00f3n Santa Rosa","article_publisher":"https:\/\/www.facebook.com\/cbgadmsr\/","article_modified_time":"2026-03-16T14:23:41+00:00","twitter_card":"summary_large_image","twitter_site":"@cbsantarosa","twitter_misc":{"Est. reading time":"1 minute"},"schema":{"@context":"https:\/\/schema.org","@graph":[{"@type":"WebPage","@id":"https:\/\/www.bomberosantarosa.gob.ec\/importaciones\/","url":"https:\/\/www.bomberosantarosa.gob.ec\/importaciones\/","name":"Importaciones - Cuerpo de Bomberos Municipal del Cant\u00f3n Santa Rosa","isPartOf":{"@id":"https:\/\/www.bomberosantarosa.gob.ec\/#website"},"datePublished":"2023-11-13T16:20:36+00:00","dateModified":"2026-03-16T14:23:41+00:00","breadcrumb":{"@id":"https:\/\/www.bomberosantarosa.gob.ec\/importaciones\/#breadcrumb"},"inLanguage":"en-US","potentialAction":[{"@type":"ReadAction","target":["https:\/\/www.bomberosantarosa.gob.ec\/importaciones\/"]}]},{"@type":"BreadcrumbList","@id":"https:\/\/www.bomberosantarosa.gob.ec\/importaciones\/#breadcrumb","itemListElement":[{"@type":"ListItem","position":1,"name":"Inicio","item":"https:\/\/www.bomberosantarosa.gob.ec\/"},{"@type":"ListItem","position":2,"name":"Importaciones"}]},{"@type":"WebSite","@id":"https:\/\/www.bomberosantarosa.gob.ec\/#website","url":"https:\/\/www.bomberosantarosa.gob.ec\/","name":"Cuerpo de Bomberos Municipal del Cant\u00f3n Santa Rosa","description":"","publisher":{"@id":"https:\/\/www.bomberosantarosa.gob.ec\/#organization"},"potentialAction":[{"@type":"SearchAction","target":{"@type":"EntryPoint","urlTemplate":"https:\/\/www.bomberosantarosa.gob.ec\/?s={search_term_string}"},"query-input":{"@type":"PropertyValueSpecification","valueRequired":true,"valueName":"search_term_string"}}],"inLanguage":"en-US"},{"@type":"Organization","@id":"https:\/\/www.bomberosantarosa.gob.ec\/#organization","name":"Cuerpo de Bomberos Municipal del Cant\u00f3n Santa Rosa","url":"https:\/\/www.bomberosantarosa.gob.ec\/","logo":{"@type":"ImageObject","inLanguage":"en-US","@id":"https:\/\/www.bomberosantarosa.gob.ec\/#\/schema\/logo\/image\/","url":"https:\/\/www.bomberosantarosa.gob.ec\/wp-content\/uploads\/2019\/05\/logo-sta-rosa.png","contentUrl":"https:\/\/www.bomberosantarosa.gob.ec\/wp-content\/uploads\/2019\/05\/logo-sta-rosa.png","width":512,"height":512,"caption":"Cuerpo de Bomberos Municipal del Cant\u00f3n Santa Rosa"},"image":{"@id":"https:\/\/www.bomberosantarosa.gob.ec\/#\/schema\/logo\/image\/"},"sameAs":["https:\/\/www.facebook.com\/cbgadmsr\/","https:\/\/x.com\/cbsantarosa"]}]}},"_links":{"self":[{"href":"https:\/\/www.bomberosantarosa.gob.ec\/en\/wp-json\/wp\/v2\/pages\/4601","targetHints":{"allow":["GET"]}}],"collection":[{"href":"https:\/\/www.bomberosantarosa.gob.ec\/en\/wp-json\/wp\/v2\/pages"}],"about":[{"href":"https:\/\/www.bomberosantarosa.gob.ec\/en\/wp-json\/wp\/v2\/types\/page"}],"author":[{"embeddable":true,"href":"https:\/\/www.bomberosantarosa.gob.ec\/en\/wp-json\/wp\/v2\/users\/3"}],"replies":[{"embeddable":true,"href":"https:\/\/www.bomberosantarosa.gob.ec\/en\/wp-json\/wp\/v2\/comments?post=4601"}],"version-history":[{"count":9,"href":"https:\/\/www.bomberosantarosa.gob.ec\/en\/wp-json\/wp\/v2\/pages\/4601\/revisions"}],"predecessor-version":[{"id":7926,"href":"https:\/\/www.bomberosantarosa.gob.ec\/en\/wp-json\/wp\/v2\/pages\/4601\/revisions\/7926"}],"wp:attachment":[{"href":"https:\/\/www.bomberosantarosa.gob.ec\/en\/wp-json\/wp\/v2\/media?parent=4601"}],"curies":[{"name":"wp","href":"https:\/\/api.w.org\/{rel}","templated":true}]}}