{"id":650,"date":"2019-05-05T05:25:23","date_gmt":"2019-05-05T03:25:23","guid":{"rendered":"http:\/\/bomberosantarosa.gob.ec\/?page_id=650"},"modified":"2024-03-26T02:53:35","modified_gmt":"2024-03-26T07:53:35","slug":"quienes-somos","status":"publish","type":"page","link":"https:\/\/www.bomberosantarosa.gob.ec\/en\/quienes-somos\/","title":{"rendered":"Who we are"},"content":{"rendered":"<div data-elementor-type=\"wp-post\" data-elementor-id=\"650\" class=\"elementor elementor-650\" data-elementor-post-type=\"page\">\n\t\t\t\t\t\t<section class=\"elementor-section elementor-top-section elementor-element elementor-element-40ea068 elementor-section-boxed elementor-section-height-default elementor-section-height-default\" data-id=\"40ea068\" data-element_type=\"section\" data-e-type=\"section\">\n\t\t\t\t\t\t<div class=\"elementor-container elementor-column-gap-default\">\n\t\t\t\t\t<div class=\"elementor-column elementor-col-50 elementor-top-column elementor-element elementor-element-b6275fc\" data-id=\"b6275fc\" data-element_type=\"column\" data-e-type=\"column\">\n\t\t\t<div class=\"elementor-widget-wrap elementor-element-populated\">\n\t\t\t\t\t\t<div class=\"elementor-element elementor-element-96ff84c elementor-widget elementor-widget-spacer\" data-id=\"96ff84c\" data-element_type=\"widget\" data-e-type=\"widget\" data-widget_type=\"spacer.default\">\n\t\t\t\t<div class=\"elementor-widget-container\">\n\t\t\t\t\t\t\t<div class=\"elementor-spacer\">\n\t\t\t<div class=\"elementor-spacer-inner\"><\/div>\n\t\t<\/div>\n\t\t\t\t\t\t<\/div>\n\t\t\t\t<\/div>\n\t\t\t\t<div class=\"elementor-element elementor-element-ec903e8 elementor-widget elementor-widget-image\" data-id=\"ec903e8\" data-element_type=\"widget\" data-e-type=\"widget\" data-widget_type=\"image.default\">\n\t\t\t\t<div class=\"elementor-widget-container\">\n\t\t\t\t\t\t\t\t\t\t\t\t\t\t\t<img fetchpriority=\"high\" decoding=\"async\" width=\"768\" height=\"496\" src=\"https:\/\/www.bomberosantarosa.gob.ec\/wp-content\/uploads\/2019\/05\/grupal-768x496.jpg\" class=\"attachment-medium_large size-medium_large wp-image-683\" alt=\"\" srcset=\"https:\/\/www.bomberosantarosa.gob.ec\/wp-content\/uploads\/2019\/05\/grupal-768x496.jpg 768w, https:\/\/www.bomberosantarosa.gob.ec\/wp-content\/uploads\/2019\/05\/grupal-300x194.jpg 300w, https:\/\/www.bomberosantarosa.gob.ec\/wp-content\/uploads\/2019\/05\/grupal.jpg 960w\" sizes=\"(max-width: 768px) 100vw, 768px\" \/>\t\t\t\t\t\t\t\t\t\t\t\t\t\t\t<\/div>\n\t\t\t\t<\/div>\n\t\t\t\t\t<\/div>\n\t\t<\/div>\n\t\t\t\t<div class=\"elementor-column elementor-col-50 elementor-top-column elementor-element elementor-element-0c599bc\" data-id=\"0c599bc\" data-element_type=\"column\" data-e-type=\"column\">\n\t\t\t<div class=\"elementor-widget-wrap elementor-element-populated\">\n\t\t\t\t\t\t<div class=\"elementor-element elementor-element-5da6497 elementor-widget elementor-widget-heading\" data-id=\"5da6497\" data-element_type=\"widget\" data-e-type=\"widget\" data-widget_type=\"heading.default\">\n\t\t\t\t<div class=\"elementor-widget-container\">\n\t\t\t\t\t<h2 class=\"elementor-heading-title elementor-size-default\">Mission<\/h2>\t\t\t\t<\/div>\n\t\t\t\t<\/div>\n\t\t\t\t<div class=\"elementor-element elementor-element-ca453ae elementor-widget elementor-widget-text-editor\" data-id=\"ca453ae\" data-element_type=\"widget\" data-e-type=\"widget\" data-widget_type=\"text-editor.default\">\n\t\t\t\t<div class=\"elementor-widget-container\">\n\t\t\t\t\t\t\t\t\t<p style=\"text-align: justify;\">We are an emerging volunteer support and service institution, with technical-operational assistance in anthropic situations at risk of fire and destruction, mitigating risks and protecting the community.<\/p>\t\t\t\t\t\t\t\t<\/div>\n\t\t\t\t<\/div>\n\t\t\t\t<div class=\"elementor-element elementor-element-fe158cb elementor-widget elementor-widget-heading\" data-id=\"fe158cb\" data-element_type=\"widget\" data-e-type=\"widget\" data-widget_type=\"heading.default\">\n\t\t\t\t<div class=\"elementor-widget-container\">\n\t\t\t\t\t<h2 class=\"elementor-heading-title elementor-size-default\">Vision<\/h2>\t\t\t\t<\/div>\n\t\t\t\t<\/div>\n\t\t\t\t<div class=\"elementor-element elementor-element-e73b88d elementor-widget elementor-widget-text-editor\" data-id=\"e73b88d\" data-element_type=\"widget\" data-e-type=\"widget\" data-widget_type=\"text-editor.default\">\n\t\t\t\t<div class=\"elementor-widget-container\">\n\t\t\t\t\t\t\t\t\t<p style=\"text-align: justify;\">Recognized in the medium term as the best emergency response institution in urban, rural, and even island communities, generators of a culture of good citizen practices for the prevention of calamities and other risks, and managers of professional training for their staff.<\/p>\t\t\t\t\t\t\t\t<\/div>\n\t\t\t\t<\/div>\n\t\t\t\t\t<\/div>\n\t\t<\/div>\n\t\t\t\t\t<\/div>\n\t\t<\/section>\n\t\t\t\t<\/div>","protected":false},"excerpt":{"rendered":"<p>Misi\u00f3n Somos una Instituci\u00f3n de apoyo voluntario y servicio emergente, con asistencia t\u00e9cnica-operativa en situaciones antr\u00f3picas en peligro de incendio y destrucci\u00f3n mitigando riesgos y protegiendo a la comunidad.\u200b Visi\u00f3n Reconocidos a mediano plazo como la mejor instituci\u00f3n de respuesta a emergencias en los sectores urbanos, rurales, e incluso en la comunas isle\u00f1as, generadores de &#8230; <a title=\"Who we are\" class=\"read-more\" href=\"https:\/\/www.bomberosantarosa.gob.ec\/en\/quienes-somos\/\" aria-label=\"Read more about Quienes Somos\">Read more<\/a><\/p>","protected":false},"author":1,"featured_media":0,"parent":0,"menu_order":0,"comment_status":"closed","ping_status":"closed","template":"","meta":{"footnotes":""},"class_list":["post-650","page","type-page","status-publish"],"yoast_head":"<!-- This site is optimized with the Yoast SEO plugin v27.5 - https:\/\/yoast.com\/product\/yoast-seo-wordpress\/ -->\n<title>Quienes Somos - Cuerpo de Bomberos Municipal del Cant\u00f3n Santa Rosa<\/title>\n<meta name=\"robots\" content=\"index, follow, max-snippet:-1, max-image-preview:large, max-video-preview:-1\" \/>\n<link rel=\"canonical\" href=\"https:\/\/www.bomberosantarosa.gob.ec\/en\/quienes-somos\/\" \/>\n<meta property=\"og:locale\" content=\"en_US\" \/>\n<meta property=\"og:type\" content=\"article\" \/>\n<meta property=\"og:title\" content=\"Quienes Somos - Cuerpo de Bomberos Municipal del Cant\u00f3n Santa Rosa\" \/>\n<meta property=\"og:description\" content=\"Misi\u00f3n Somos una Instituci\u00f3n de apoyo voluntario y servicio emergente, con asistencia t\u00e9cnica-operativa en situaciones antr\u00f3picas en peligro de incendio y destrucci\u00f3n mitigando riesgos y protegiendo a la comunidad.\u200b Visi\u00f3n Reconocidos a mediano plazo como la mejor instituci\u00f3n de respuesta a emergencias en los sectores urbanos, rurales, e incluso en la comunas isle\u00f1as, generadores de ... Read more\" \/>\n<meta property=\"og:url\" content=\"https:\/\/www.bomberosantarosa.gob.ec\/en\/quienes-somos\/\" \/>\n<meta property=\"og:site_name\" content=\"Cuerpo de Bomberos Municipal del Cant\u00f3n Santa Rosa\" \/>\n<meta property=\"article:publisher\" content=\"https:\/\/www.facebook.com\/cbgadmsr\/\" \/>\n<meta property=\"article:modified_time\" content=\"2024-03-26T07:53:35+00:00\" \/>\n<meta property=\"og:image\" content=\"https:\/\/bomberosantarosa.gob.ec\/wp-content\/uploads\/2019\/05\/grupal.jpg\" \/>\n<meta name=\"twitter:card\" content=\"summary_large_image\" \/>\n<meta name=\"twitter:site\" content=\"@cbsantarosa\" \/>\n<script type=\"application\/ld+json\" class=\"yoast-schema-graph\">{\"@context\":\"https:\\\/\\\/schema.org\",\"@graph\":[{\"@type\":\"WebPage\",\"@id\":\"https:\\\/\\\/www.bomberosantarosa.gob.ec\\\/quienes-somos\\\/\",\"url\":\"https:\\\/\\\/www.bomberosantarosa.gob.ec\\\/quienes-somos\\\/\",\"name\":\"Quienes Somos - Cuerpo de Bomberos Municipal del Cant\u00f3n Santa Rosa\",\"isPartOf\":{\"@id\":\"https:\\\/\\\/www.bomberosantarosa.gob.ec\\\/#website\"},\"primaryImageOfPage\":{\"@id\":\"https:\\\/\\\/www.bomberosantarosa.gob.ec\\\/quienes-somos\\\/#primaryimage\"},\"image\":{\"@id\":\"https:\\\/\\\/www.bomberosantarosa.gob.ec\\\/quienes-somos\\\/#primaryimage\"},\"thumbnailUrl\":\"https:\\\/\\\/www.bomberosantarosa.gob.ec\\\/wp-content\\\/uploads\\\/2019\\\/05\\\/grupal-768x496.jpg\",\"datePublished\":\"2019-05-05T03:25:23+00:00\",\"dateModified\":\"2024-03-26T07:53:35+00:00\",\"breadcrumb\":{\"@id\":\"https:\\\/\\\/www.bomberosantarosa.gob.ec\\\/quienes-somos\\\/#breadcrumb\"},\"inLanguage\":\"en-US\",\"potentialAction\":[{\"@type\":\"ReadAction\",\"target\":[\"https:\\\/\\\/www.bomberosantarosa.gob.ec\\\/quienes-somos\\\/\"]}]},{\"@type\":\"ImageObject\",\"inLanguage\":\"en-US\",\"@id\":\"https:\\\/\\\/www.bomberosantarosa.gob.ec\\\/quienes-somos\\\/#primaryimage\",\"url\":\"https:\\\/\\\/www.bomberosantarosa.gob.ec\\\/wp-content\\\/uploads\\\/2019\\\/05\\\/grupal-768x496.jpg\",\"contentUrl\":\"https:\\\/\\\/www.bomberosantarosa.gob.ec\\\/wp-content\\\/uploads\\\/2019\\\/05\\\/grupal-768x496.jpg\"},{\"@type\":\"BreadcrumbList\",\"@id\":\"https:\\\/\\\/www.bomberosantarosa.gob.ec\\\/quienes-somos\\\/#breadcrumb\",\"itemListElement\":[{\"@type\":\"ListItem\",\"position\":1,\"name\":\"Inicio\",\"item\":\"https:\\\/\\\/www.bomberosantarosa.gob.ec\\\/\"},{\"@type\":\"ListItem\",\"position\":2,\"name\":\"Quienes Somos\"}]},{\"@type\":\"WebSite\",\"@id\":\"https:\\\/\\\/www.bomberosantarosa.gob.ec\\\/#website\",\"url\":\"https:\\\/\\\/www.bomberosantarosa.gob.ec\\\/\",\"name\":\"Cuerpo de Bomberos Municipal del Cant\u00f3n Santa Rosa\",\"description\":\"\",\"publisher\":{\"@id\":\"https:\\\/\\\/www.bomberosantarosa.gob.ec\\\/#organization\"},\"potentialAction\":[{\"@type\":\"SearchAction\",\"target\":{\"@type\":\"EntryPoint\",\"urlTemplate\":\"https:\\\/\\\/www.bomberosantarosa.gob.ec\\\/?s={search_term_string}\"},\"query-input\":{\"@type\":\"PropertyValueSpecification\",\"valueRequired\":true,\"valueName\":\"search_term_string\"}}],\"inLanguage\":\"en-US\"},{\"@type\":\"Organization\",\"@id\":\"https:\\\/\\\/www.bomberosantarosa.gob.ec\\\/#organization\",\"name\":\"Cuerpo de Bomberos Municipal del Cant\u00f3n Santa Rosa\",\"url\":\"https:\\\/\\\/www.bomberosantarosa.gob.ec\\\/\",\"logo\":{\"@type\":\"ImageObject\",\"inLanguage\":\"en-US\",\"@id\":\"https:\\\/\\\/www.bomberosantarosa.gob.ec\\\/#\\\/schema\\\/logo\\\/image\\\/\",\"url\":\"https:\\\/\\\/www.bomberosantarosa.gob.ec\\\/wp-content\\\/uploads\\\/2019\\\/05\\\/logo-sta-rosa.png\",\"contentUrl\":\"https:\\\/\\\/www.bomberosantarosa.gob.ec\\\/wp-content\\\/uploads\\\/2019\\\/05\\\/logo-sta-rosa.png\",\"width\":512,\"height\":512,\"caption\":\"Cuerpo de Bomberos Municipal del Cant\u00f3n Santa Rosa\"},\"image\":{\"@id\":\"https:\\\/\\\/www.bomberosantarosa.gob.ec\\\/#\\\/schema\\\/logo\\\/image\\\/\"},\"sameAs\":[\"https:\\\/\\\/www.facebook.com\\\/cbgadmsr\\\/\",\"https:\\\/\\\/x.com\\\/cbsantarosa\"]}]}<\/script>\n<!-- \/ Yoast SEO plugin. -->","yoast_head_json":{"title":"Quienes Somos - Cuerpo de Bomberos Municipal del Cant\u00f3n Santa Rosa","robots":{"index":"index","follow":"follow","max-snippet":"max-snippet:-1","max-image-preview":"max-image-preview:large","max-video-preview":"max-video-preview:-1"},"canonical":"https:\/\/www.bomberosantarosa.gob.ec\/en\/quienes-somos\/","og_locale":"en_US","og_type":"article","og_title":"Quienes Somos - Cuerpo de Bomberos Municipal del Cant\u00f3n Santa Rosa","og_description":"Misi\u00f3n Somos una Instituci\u00f3n de apoyo voluntario y servicio emergente, con asistencia t\u00e9cnica-operativa en situaciones antr\u00f3picas en peligro de incendio y destrucci\u00f3n mitigando riesgos y protegiendo a la comunidad.\u200b Visi\u00f3n Reconocidos a mediano plazo como la mejor instituci\u00f3n de respuesta a emergencias en los sectores urbanos, rurales, e incluso en la comunas isle\u00f1as, generadores de ... Read more","og_url":"https:\/\/www.bomberosantarosa.gob.ec\/en\/quienes-somos\/","og_site_name":"Cuerpo de Bomberos Municipal del Cant\u00f3n Santa Rosa","article_publisher":"https:\/\/www.facebook.com\/cbgadmsr\/","article_modified_time":"2024-03-26T07:53:35+00:00","og_image":[{"url":"https:\/\/bomberosantarosa.gob.ec\/wp-content\/uploads\/2019\/05\/grupal.jpg","type":"","width":"","height":""}],"twitter_card":"summary_large_image","twitter_site":"@cbsantarosa","schema":{"@context":"https:\/\/schema.org","@graph":[{"@type":"WebPage","@id":"https:\/\/www.bomberosantarosa.gob.ec\/quienes-somos\/","url":"https:\/\/www.bomberosantarosa.gob.ec\/quienes-somos\/","name":"Quienes Somos - Cuerpo de Bomberos Municipal del Cant\u00f3n Santa Rosa","isPartOf":{"@id":"https:\/\/www.bomberosantarosa.gob.ec\/#website"},"primaryImageOfPage":{"@id":"https:\/\/www.bomberosantarosa.gob.ec\/quienes-somos\/#primaryimage"},"image":{"@id":"https:\/\/www.bomberosantarosa.gob.ec\/quienes-somos\/#primaryimage"},"thumbnailUrl":"https:\/\/www.bomberosantarosa.gob.ec\/wp-content\/uploads\/2019\/05\/grupal-768x496.jpg","datePublished":"2019-05-05T03:25:23+00:00","dateModified":"2024-03-26T07:53:35+00:00","breadcrumb":{"@id":"https:\/\/www.bomberosantarosa.gob.ec\/quienes-somos\/#breadcrumb"},"inLanguage":"en-US","potentialAction":[{"@type":"ReadAction","target":["https:\/\/www.bomberosantarosa.gob.ec\/quienes-somos\/"]}]},{"@type":"ImageObject","inLanguage":"en-US","@id":"https:\/\/www.bomberosantarosa.gob.ec\/quienes-somos\/#primaryimage","url":"https:\/\/www.bomberosantarosa.gob.ec\/wp-content\/uploads\/2019\/05\/grupal-768x496.jpg","contentUrl":"https:\/\/www.bomberosantarosa.gob.ec\/wp-content\/uploads\/2019\/05\/grupal-768x496.jpg"},{"@type":"BreadcrumbList","@id":"https:\/\/www.bomberosantarosa.gob.ec\/quienes-somos\/#breadcrumb","itemListElement":[{"@type":"ListItem","position":1,"name":"Inicio","item":"https:\/\/www.bomberosantarosa.gob.ec\/"},{"@type":"ListItem","position":2,"name":"Quienes Somos"}]},{"@type":"WebSite","@id":"https:\/\/www.bomberosantarosa.gob.ec\/#website","url":"https:\/\/www.bomberosantarosa.gob.ec\/","name":"Cuerpo de Bomberos Municipal del Cant\u00f3n Santa Rosa","description":"","publisher":{"@id":"https:\/\/www.bomberosantarosa.gob.ec\/#organization"},"potentialAction":[{"@type":"SearchAction","target":{"@type":"EntryPoint","urlTemplate":"https:\/\/www.bomberosantarosa.gob.ec\/?s={search_term_string}"},"query-input":{"@type":"PropertyValueSpecification","valueRequired":true,"valueName":"search_term_string"}}],"inLanguage":"en-US"},{"@type":"Organization","@id":"https:\/\/www.bomberosantarosa.gob.ec\/#organization","name":"Cuerpo de Bomberos Municipal del Cant\u00f3n Santa Rosa","url":"https:\/\/www.bomberosantarosa.gob.ec\/","logo":{"@type":"ImageObject","inLanguage":"en-US","@id":"https:\/\/www.bomberosantarosa.gob.ec\/#\/schema\/logo\/image\/","url":"https:\/\/www.bomberosantarosa.gob.ec\/wp-content\/uploads\/2019\/05\/logo-sta-rosa.png","contentUrl":"https:\/\/www.bomberosantarosa.gob.ec\/wp-content\/uploads\/2019\/05\/logo-sta-rosa.png","width":512,"height":512,"caption":"Cuerpo de Bomberos Municipal del Cant\u00f3n Santa Rosa"},"image":{"@id":"https:\/\/www.bomberosantarosa.gob.ec\/#\/schema\/logo\/image\/"},"sameAs":["https:\/\/www.facebook.com\/cbgadmsr\/","https:\/\/x.com\/cbsantarosa"]}]}},"_links":{"self":[{"href":"https:\/\/www.bomberosantarosa.gob.ec\/en\/wp-json\/wp\/v2\/pages\/650","targetHints":{"allow":["GET"]}}],"collection":[{"href":"https:\/\/www.bomberosantarosa.gob.ec\/en\/wp-json\/wp\/v2\/pages"}],"about":[{"href":"https:\/\/www.bomberosantarosa.gob.ec\/en\/wp-json\/wp\/v2\/types\/page"}],"author":[{"embeddable":true,"href":"https:\/\/www.bomberosantarosa.gob.ec\/en\/wp-json\/wp\/v2\/users\/1"}],"replies":[{"embeddable":true,"href":"https:\/\/www.bomberosantarosa.gob.ec\/en\/wp-json\/wp\/v2\/comments?post=650"}],"version-history":[{"count":0,"href":"https:\/\/www.bomberosantarosa.gob.ec\/en\/wp-json\/wp\/v2\/pages\/650\/revisions"}],"wp:attachment":[{"href":"https:\/\/www.bomberosantarosa.gob.ec\/en\/wp-json\/wp\/v2\/media?parent=650"}],"curies":[{"name":"wp","href":"https:\/\/api.w.org\/{rel}","templated":true}]}}